{"id":1347,"date":"2026-03-11T09:49:28","date_gmt":"2026-03-11T09:49:28","guid":{"rendered":"https:\/\/reusetrading.be\/flujos-de-residuos\/"},"modified":"2026-04-29T06:33:07","modified_gmt":"2026-04-29T06:33:07","slug":"flujos-de-residuos","status":"publish","type":"page","link":"https:\/\/reusetrading.be\/es\/productos\/aceites-y-grasas\/flujos-de-residuos\/","title":{"rendered":"Flujos de residuos"},"content":{"rendered":"\t\t<div data-elementor-type=\"wp-page\" data-elementor-id=\"1347\" class=\"elementor elementor-1347 elementor-695\" data-elementor-post-type=\"page\">\n\t\t\t\t<div data-particle_enable=\"false\" data-particle-mobile-disabled=\"false\" class=\"elementor-element elementor-element-9bb4ef3 e-flex e-con-boxed e-con e-parent\" data-id=\"9bb4ef3\" data-element_type=\"container\" data-e-type=\"container\">\n\t\t\t\t\t<div class=\"e-con-inner\">\n\t\t<div data-particle_enable=\"false\" data-particle-mobile-disabled=\"false\" class=\"elementor-element elementor-element-d286634 e-con-full e-flex e-con e-child\" data-id=\"d286634\" data-element_type=\"container\" data-e-type=\"container\">\n\t\t\t\t<div class=\"elementor-element elementor-element-3156c20 elementor-widget elementor-widget-heading\" data-id=\"3156c20\" data-element_type=\"widget\" data-e-type=\"widget\" data-widget_type=\"heading.default\">\n\t\t\t\t\t<h1 class=\"elementor-heading-title elementor-size-default\">Flujos de <span class=\"highlight\">residuos <\/span>  <\/h1>\t\t\t\t<\/div>\n\t\t\t\t<\/div>\n\t\t<div data-particle_enable=\"false\" data-particle-mobile-disabled=\"false\" class=\"elementor-element elementor-element-976d89c e-con-full e-flex e-con e-child\" data-id=\"976d89c\" data-element_type=\"container\" data-e-type=\"container\">\n\t\t\t\t<div class=\"elementor-element elementor-element-cc3eb65 elementor-widget elementor-widget-text-editor\" data-id=\"cc3eb65\" data-element_type=\"widget\" data-e-type=\"widget\" data-widget_type=\"text-editor.default\">\n\t\t\t\t\t\t\t\t\t<p>Suministramos flujos de residuos derivados de fuentes de procesamiento de confianza, adecuados para aplicaciones de alimentaci\u00f3n animal, oleoqu\u00edmicas e industriales. Cumplimos con los requisitos de la RSPO cuando procede y analizamos cada lote seg\u00fan estrictos par\u00e1metros de calidad, garantizando una manipulaci\u00f3n constante, un uso seguro y un rendimiento t\u00e9cnico predecible. <\/p>\t\t\t\t\t\t\t\t<\/div>\n\t\t\t\t<div class=\"elementor-element elementor-element-8fccf48 elementor-widget elementor-widget-button\" data-id=\"8fccf48\" data-element_type=\"widget\" data-e-type=\"widget\" data-widget_type=\"button.default\">\n\t\t\t\t\t\t\t\t\t\t<a class=\"elementor-button elementor-button-link elementor-size-sm\" href=\"#vegetable%20\">\n\t\t\t\t\t\t<span class=\"elementor-button-content-wrapper\">\n\t\t\t\t\t\t<span class=\"elementor-button-icon\">\n\t\t\t\t<svg aria-hidden=\"true\" class=\"e-font-icon-svg e-fas-long-arrow-alt-right\" viewBox=\"0 0 448 512\" xmlns=\"http:\/\/www.w3.org\/2000\/svg\"><path d=\"M313.941 216H12c-6.627 0-12 5.373-12 12v56c0 6.627 5.373 12 12 12h301.941v46.059c0 21.382 25.851 32.09 40.971 16.971l86.059-86.059c9.373-9.373 9.373-24.569 0-33.941l-86.059-86.059c-15.119-15.119-40.971-4.411-40.971 16.971V216z\"><\/path><\/svg>\t\t\t<\/span>\n\t\t\t\t\t\t\t\t\t<span class=\"elementor-button-text\">Descubra productos relacionados<\/span>\n\t\t\t\t\t<\/span>\n\t\t\t\t\t<\/a>\n\t\t\t\t\t\t\t\t<\/div>\n\t\t\t\t<\/div>\n\t\t\t\t\t<\/div>\n\t\t\t\t<\/div>\n\t\t<div data-particle_enable=\"false\" data-particle-mobile-disabled=\"false\" class=\"elementor-element elementor-element-300adb2 e-flex e-con-boxed e-con e-parent\" data-id=\"300adb2\" data-element_type=\"container\" data-e-type=\"container\">\n\t\t\t\t\t<div class=\"e-con-inner\">\n\t\t<div data-particle_enable=\"false\" data-particle-mobile-disabled=\"false\" class=\"elementor-element elementor-element-f8800e1 e-con-full e-flex e-con e-child\" data-id=\"f8800e1\" data-element_type=\"container\" data-e-type=\"container\">\n\t\t\t\t<div class=\"elementor-element elementor-element-cd97fe6 elementor-widget elementor-widget-image\" data-id=\"cd97fe6\" data-element_type=\"widget\" data-e-type=\"widget\" data-widget_type=\"image.default\">\n\t\t\t\t\t\t\t\t\t\t\t\t\t\t\t<img fetchpriority=\"high\" decoding=\"async\" width=\"2040\" height=\"1360\" src=\"https:\/\/reusetrading.be\/wp-content\/uploads\/2026\/04\/Reuse-Trading_Waste-Streams.jpg\" class=\"attachment-full size-full wp-image-1349\" alt=\"\" srcset=\"https:\/\/reusetrading.be\/wp-content\/uploads\/2026\/04\/Reuse-Trading_Waste-Streams.jpg 2040w, https:\/\/reusetrading.be\/wp-content\/uploads\/2026\/04\/Reuse-Trading_Waste-Streams-300x200.jpg 300w, https:\/\/reusetrading.be\/wp-content\/uploads\/2026\/04\/Reuse-Trading_Waste-Streams-1024x683.jpg 1024w, https:\/\/reusetrading.be\/wp-content\/uploads\/2026\/04\/Reuse-Trading_Waste-Streams-768x512.jpg 768w, https:\/\/reusetrading.be\/wp-content\/uploads\/2026\/04\/Reuse-Trading_Waste-Streams-1536x1024.jpg 1536w\" sizes=\"(max-width: 2040px) 100vw, 2040px\" \/>\t\t\t\t\t\t\t\t\t\t\t\t\t\t\t<\/div>\n\t\t\t\t<\/div>\n\t\t\t\t\t<\/div>\n\t\t\t\t<\/div>\n\t\t<div data-particle_enable=\"false\" data-particle-mobile-disabled=\"false\" class=\"elementor-element elementor-element-8e2994e e-flex e-con-boxed e-con e-parent\" data-id=\"8e2994e\" data-element_type=\"container\" data-e-type=\"container\" id=\"vegetable\">\n\t\t\t\t\t<div class=\"e-con-inner\">\n\t\t<div data-particle_enable=\"false\" data-particle-mobile-disabled=\"false\" class=\"elementor-element elementor-element-241177c e-con-full e-flex e-con e-child\" data-id=\"241177c\" data-element_type=\"container\" data-e-type=\"container\">\n\t\t\t\t<div class=\"elementor-element elementor-element-82dff51 elementor-widget elementor-widget-heading\" data-id=\"82dff51\" data-element_type=\"widget\" data-e-type=\"widget\" data-widget_type=\"heading.default\">\n\t\t\t\t\t<h2 class=\"elementor-heading-title elementor-size-default\">Productos relacionados<\/h2>\t\t\t\t<\/div>\n\t\t\t\t<div class=\"elementor-element elementor-element-6111a70 elementor-icon-list--layout-traditional elementor-list-item-link-full_width elementor-widget elementor-widget-icon-list\" data-id=\"6111a70\" data-element_type=\"widget\" data-e-type=\"widget\" data-widget_type=\"icon-list.default\">\n\t\t\t\t\t\t\t<ul class=\"elementor-icon-list-items\">\n\t\t\t\t\t\t\t<li class=\"elementor-icon-list-item\">\n\t\t\t\t\t\t\t\t\t\t\t<span class=\"elementor-icon-list-icon\">\n\t\t\t\t\t\t\t<svg xmlns=\"http:\/\/www.w3.org\/2000\/svg\" id=\"Laag_1\" data-name=\"Laag 1\" width=\"486.71mm\" height=\"404.4mm\" viewBox=\"0 0 1379.66 1146.34\"><defs><style>      .cls-1 {        fill: #81c8e4;      }    <\/style><\/defs><polygon class=\"cls-1\" points=\"0 0 371.75 914.59 1379.66 1146.34 914.59 231.76 0 0\"><\/polygon><\/svg>\t\t\t\t\t\t<\/span>\n\t\t\t\t\t\t\t\t\t\t<span class=\"elementor-icon-list-text\">POME<\/span>\n\t\t\t\t\t\t\t\t\t<\/li>\n\t\t\t\t\t\t\t\t<li class=\"elementor-icon-list-item\">\n\t\t\t\t\t\t\t\t\t\t\t<span class=\"elementor-icon-list-icon\">\n\t\t\t\t\t\t\t<svg xmlns=\"http:\/\/www.w3.org\/2000\/svg\" id=\"Laag_1\" data-name=\"Laag 1\" width=\"486.71mm\" height=\"404.4mm\" viewBox=\"0 0 1379.66 1146.34\"><defs><style>      .cls-1 {        fill: #81c8e4;      }    <\/style><\/defs><polygon class=\"cls-1\" points=\"0 0 371.75 914.59 1379.66 1146.34 914.59 231.76 0 0\"><\/polygon><\/svg>\t\t\t\t\t\t<\/span>\n\t\t\t\t\t\t\t\t\t\t<span class=\"elementor-icon-list-text\">Torta de palmiste<\/span>\n\t\t\t\t\t\t\t\t\t<\/li>\n\t\t\t\t\t\t\t\t<li class=\"elementor-icon-list-item\">\n\t\t\t\t\t\t\t\t\t\t\t<span class=\"elementor-icon-list-icon\">\n\t\t\t\t\t\t\t<svg xmlns=\"http:\/\/www.w3.org\/2000\/svg\" id=\"Laag_1\" data-name=\"Laag 1\" width=\"486.71mm\" height=\"404.4mm\" viewBox=\"0 0 1379.66 1146.34\"><defs><style>      .cls-1 {        fill: #81c8e4;      }    <\/style><\/defs><polygon class=\"cls-1\" points=\"0 0 371.75 914.59 1379.66 1146.34 914.59 231.76 0 0\"><\/polygon><\/svg>\t\t\t\t\t\t<\/span>\n\t\t\t\t\t\t\t\t\t\t<span class=\"elementor-icon-list-text\">Soapstock<\/span>\n\t\t\t\t\t\t\t\t\t<\/li>\n\t\t\t\t\t\t<\/ul>\n\t\t\t\t\t\t<\/div>\n\t\t\t\t<div class=\"elementor-element elementor-element-d2d241a elementor-icon-list--layout-traditional elementor-list-item-link-full_width elementor-widget elementor-widget-icon-list\" data-id=\"d2d241a\" data-element_type=\"widget\" data-e-type=\"widget\" data-widget_type=\"icon-list.default\">\n\t\t\t\t\t\t\t<ul class=\"elementor-icon-list-items\">\n\t\t\t\t\t\t\t<li class=\"elementor-icon-list-item\">\n\t\t\t\t\t\t\t\t\t\t\t<span class=\"elementor-icon-list-icon\">\n\t\t\t\t\t\t\t<svg xmlns=\"http:\/\/www.w3.org\/2000\/svg\" id=\"Laag_1\" data-name=\"Laag 1\" width=\"486.71mm\" height=\"404.4mm\" viewBox=\"0 0 1379.66 1146.34\"><defs><style>      .cls-1 {        fill: #81c8e4;      }    <\/style><\/defs><polygon class=\"cls-1\" points=\"0 0 371.75 914.59 1379.66 1146.34 914.59 231.76 0 0\"><\/polygon><\/svg>\t\t\t\t\t\t<\/span>\n\t\t\t\t\t\t\t\t\t\t<span class=\"elementor-icon-list-text\">Aceite \u00e1cido<\/span>\n\t\t\t\t\t\t\t\t\t<\/li>\n\t\t\t\t\t\t\t\t<li class=\"elementor-icon-list-item\">\n\t\t\t\t\t\t\t\t\t\t\t<span class=\"elementor-icon-list-icon\">\n\t\t\t\t\t\t\t<svg xmlns=\"http:\/\/www.w3.org\/2000\/svg\" id=\"Laag_1\" data-name=\"Laag 1\" width=\"486.71mm\" height=\"404.4mm\" viewBox=\"0 0 1379.66 1146.34\"><defs><style>      .cls-1 {        fill: #81c8e4;      }    <\/style><\/defs><polygon class=\"cls-1\" points=\"0 0 371.75 914.59 1379.66 1146.34 914.59 231.76 0 0\"><\/polygon><\/svg>\t\t\t\t\t\t<\/span>\n\t\t\t\t\t\t\t\t\t\t<span class=\"elementor-icon-list-text\">Destilado de \u00e1cidos grasos de coco<\/span>\n\t\t\t\t\t\t\t\t\t<\/li>\n\t\t\t\t\t\t<\/ul>\n\t\t\t\t\t\t<\/div>\n\t\t\t\t<div class=\"elementor-element elementor-element-c42235f elementor-icon-list--layout-traditional elementor-list-item-link-full_width elementor-widget elementor-widget-icon-list\" data-id=\"c42235f\" data-element_type=\"widget\" data-e-type=\"widget\" data-widget_type=\"icon-list.default\">\n\t\t\t\t\t\t\t<ul class=\"elementor-icon-list-items\">\n\t\t\t\t\t\t\t<li class=\"elementor-icon-list-item\">\n\t\t\t\t\t\t\t\t\t\t\t<span class=\"elementor-icon-list-icon\">\n\t\t\t\t\t\t\t<svg xmlns=\"http:\/\/www.w3.org\/2000\/svg\" id=\"Laag_1\" data-name=\"Laag 1\" width=\"486.71mm\" height=\"404.4mm\" viewBox=\"0 0 1379.66 1146.34\"><defs><style>      .cls-1 {        fill: #81c8e4;      }    <\/style><\/defs><polygon class=\"cls-1\" points=\"0 0 371.75 914.59 1379.66 1146.34 914.59 231.76 0 0\"><\/polygon><\/svg>\t\t\t\t\t\t<\/span>\n\t\t\t\t\t\t\t\t\t\t<span class=\"elementor-icon-list-text\">\u00c1cidos grasos de soja<\/span>\n\t\t\t\t\t\t\t\t\t<\/li>\n\t\t\t\t\t\t\t\t<li class=\"elementor-icon-list-item\">\n\t\t\t\t\t\t\t\t\t\t\t<span class=\"elementor-icon-list-icon\">\n\t\t\t\t\t\t\t<svg xmlns=\"http:\/\/www.w3.org\/2000\/svg\" id=\"Laag_1\" data-name=\"Laag 1\" width=\"486.71mm\" height=\"404.4mm\" viewBox=\"0 0 1379.66 1146.34\"><defs><style>      .cls-1 {        fill: #81c8e4;      }    <\/style><\/defs><polygon class=\"cls-1\" points=\"0 0 371.75 914.59 1379.66 1146.34 914.59 231.76 0 0\"><\/polygon><\/svg>\t\t\t\t\t\t<\/span>\n\t\t\t\t\t\t\t\t\t\t<span class=\"elementor-icon-list-text\">Tierras de blanqueo agotadas<\/span>\n\t\t\t\t\t\t\t\t\t<\/li>\n\t\t\t\t\t\t<\/ul>\n\t\t\t\t\t\t<\/div>\n\t\t\t\t<\/div>\n\t\t\t\t\t<\/div>\n\t\t\t\t<\/div>\n\t\t\t\t<\/div>\n\t\t","protected":false},"excerpt":{"rendered":"<p>Flujos de residuos Suministramos flujos de residuos derivados de fuentes de procesamiento de confianza, adecuados para aplicaciones de alimentaci\u00f3n animal, oleoqu\u00edmicas e industriales. Cumplimos con los requisitos de la RSPO cuando procede y analizamos cada lote seg\u00fan estrictos par\u00e1metros de calidad, garantizando una manipulaci\u00f3n constante, un uso seguro y un rendimiento t\u00e9cnico predecible. Descubra productos [&hellip;]<\/p>\n","protected":false},"author":1,"featured_media":1348,"parent":1760,"menu_order":0,"comment_status":"closed","ping_status":"closed","template":"elementor_header_footer","meta":{"footnotes":""},"class_list":["post-1347","page","type-page","status-publish","has-post-thumbnail","hentry"],"yoast_head":"<!-- This site is optimized with the Yoast SEO plugin v27.6 - https:\/\/yoast.com\/product\/yoast-seo-wordpress\/ -->\n<title>Flujos de residuos | Reuse Trading<\/title>\n<meta name=\"description\" content=\"Reuse Trading suministra flujos de residuos para aplicaciones industriales, oleoqu\u00edmicas y de alimentaci\u00f3n animal, procedentes de productores mundiales de confianza.\" \/>\n<meta name=\"robots\" content=\"index, follow, max-snippet:-1, max-image-preview:large, max-video-preview:-1\" \/>\n<link rel=\"canonical\" href=\"https:\/\/reusetrading.be\/es\/productos\/aceites-y-grasas\/flujos-de-residuos\/\" \/>\n<meta property=\"og:locale\" content=\"es_ES\" \/>\n<meta property=\"og:type\" content=\"article\" \/>\n<meta property=\"og:title\" content=\"Flujos de residuos | Reuse Trading\" \/>\n<meta property=\"og:description\" content=\"Reuse Trading suministra flujos de residuos para aplicaciones industriales, oleoqu\u00edmicas y de alimentaci\u00f3n animal, procedentes de productores mundiales de confianza.\" \/>\n<meta property=\"og:url\" content=\"https:\/\/reusetrading.be\/es\/productos\/aceites-y-grasas\/flujos-de-residuos\/\" \/>\n<meta property=\"og:site_name\" content=\"Reuse Trading\" \/>\n<meta property=\"article:modified_time\" content=\"2026-04-29T06:33:07+00:00\" \/>\n<meta property=\"og:image\" content=\"https:\/\/reusetrading.be\/wp-content\/uploads\/2026\/03\/Reuse_Trading_Acids-e1773222627569.jpg\" \/>\n\t<meta property=\"og:image:width\" content=\"2040\" \/>\n\t<meta property=\"og:image:height\" content=\"1360\" \/>\n\t<meta property=\"og:image:type\" content=\"image\/jpeg\" \/>\n<meta name=\"twitter:card\" content=\"summary_large_image\" \/>\n<script type=\"application\/ld+json\" class=\"yoast-schema-graph\">{\"@context\":\"https:\\\/\\\/schema.org\",\"@graph\":[{\"@type\":\"WebPage\",\"@id\":\"https:\\\/\\\/reusetrading.be\\\/es\\\/productos\\\/aceites-y-grasas\\\/flujos-de-residuos\\\/\",\"url\":\"https:\\\/\\\/reusetrading.be\\\/es\\\/productos\\\/aceites-y-grasas\\\/flujos-de-residuos\\\/\",\"name\":\"Flujos de residuos | Reuse Trading\",\"isPartOf\":{\"@id\":\"https:\\\/\\\/reusetrading.be\\\/es\\\/#website\"},\"primaryImageOfPage\":{\"@id\":\"https:\\\/\\\/reusetrading.be\\\/es\\\/productos\\\/aceites-y-grasas\\\/flujos-de-residuos\\\/#primaryimage\"},\"image\":{\"@id\":\"https:\\\/\\\/reusetrading.be\\\/es\\\/productos\\\/aceites-y-grasas\\\/flujos-de-residuos\\\/#primaryimage\"},\"thumbnailUrl\":\"https:\\\/\\\/reusetrading.be\\\/wp-content\\\/uploads\\\/2026\\\/03\\\/Reuse_Trading_Acids-e1773222627569.jpg\",\"datePublished\":\"2026-03-11T09:49:28+00:00\",\"dateModified\":\"2026-04-29T06:33:07+00:00\",\"description\":\"Reuse Trading suministra flujos de residuos para aplicaciones industriales, oleoqu\u00edmicas y de alimentaci\u00f3n animal, procedentes de productores mundiales de confianza.\",\"breadcrumb\":{\"@id\":\"https:\\\/\\\/reusetrading.be\\\/es\\\/productos\\\/aceites-y-grasas\\\/flujos-de-residuos\\\/#breadcrumb\"},\"inLanguage\":\"es\",\"potentialAction\":[{\"@type\":\"ReadAction\",\"target\":[\"https:\\\/\\\/reusetrading.be\\\/es\\\/productos\\\/aceites-y-grasas\\\/flujos-de-residuos\\\/\"]}]},{\"@type\":\"ImageObject\",\"inLanguage\":\"es\",\"@id\":\"https:\\\/\\\/reusetrading.be\\\/es\\\/productos\\\/aceites-y-grasas\\\/flujos-de-residuos\\\/#primaryimage\",\"url\":\"https:\\\/\\\/reusetrading.be\\\/wp-content\\\/uploads\\\/2026\\\/03\\\/Reuse_Trading_Acids-e1773222627569.jpg\",\"contentUrl\":\"https:\\\/\\\/reusetrading.be\\\/wp-content\\\/uploads\\\/2026\\\/03\\\/Reuse_Trading_Acids-e1773222627569.jpg\",\"width\":2040,\"height\":1360},{\"@type\":\"BreadcrumbList\",\"@id\":\"https:\\\/\\\/reusetrading.be\\\/es\\\/productos\\\/aceites-y-grasas\\\/flujos-de-residuos\\\/#breadcrumb\",\"itemListElement\":[{\"@type\":\"ListItem\",\"position\":1,\"name\":\"Inicio\",\"item\":\"https:\\\/\\\/reusetrading.be\\\/es\\\/inicio\\\/\"},{\"@type\":\"ListItem\",\"position\":2,\"name\":\"Productos\",\"item\":\"https:\\\/\\\/reusetrading.be\\\/es\\\/productos\\\/\"},{\"@type\":\"ListItem\",\"position\":3,\"name\":\"Aceites y grasas\",\"item\":\"https:\\\/\\\/reusetrading.be\\\/es\\\/productos\\\/aceites-y-grasas\\\/\"},{\"@type\":\"ListItem\",\"position\":4,\"name\":\"Flujos de residuos\"}]},{\"@type\":\"WebSite\",\"@id\":\"https:\\\/\\\/reusetrading.be\\\/es\\\/#website\",\"url\":\"https:\\\/\\\/reusetrading.be\\\/es\\\/\",\"name\":\"Reuse Trading\",\"description\":\"\",\"potentialAction\":[{\"@type\":\"SearchAction\",\"target\":{\"@type\":\"EntryPoint\",\"urlTemplate\":\"https:\\\/\\\/reusetrading.be\\\/es\\\/?s={search_term_string}\"},\"query-input\":{\"@type\":\"PropertyValueSpecification\",\"valueRequired\":true,\"valueName\":\"search_term_string\"}}],\"inLanguage\":\"es\"}]}<\/script>\n<!-- \/ Yoast SEO plugin. -->","yoast_head_json":{"title":"Flujos de residuos | Reuse Trading","description":"Reuse Trading suministra flujos de residuos para aplicaciones industriales, oleoqu\u00edmicas y de alimentaci\u00f3n animal, procedentes de productores mundiales de confianza.","robots":{"index":"index","follow":"follow","max-snippet":"max-snippet:-1","max-image-preview":"max-image-preview:large","max-video-preview":"max-video-preview:-1"},"canonical":"https:\/\/reusetrading.be\/es\/productos\/aceites-y-grasas\/flujos-de-residuos\/","og_locale":"es_ES","og_type":"article","og_title":"Flujos de residuos | Reuse Trading","og_description":"Reuse Trading suministra flujos de residuos para aplicaciones industriales, oleoqu\u00edmicas y de alimentaci\u00f3n animal, procedentes de productores mundiales de confianza.","og_url":"https:\/\/reusetrading.be\/es\/productos\/aceites-y-grasas\/flujos-de-residuos\/","og_site_name":"Reuse Trading","article_modified_time":"2026-04-29T06:33:07+00:00","og_image":[{"width":2040,"height":1360,"url":"https:\/\/reusetrading.be\/wp-content\/uploads\/2026\/03\/Reuse_Trading_Acids-e1773222627569.jpg","type":"image\/jpeg"}],"twitter_card":"summary_large_image","schema":{"@context":"https:\/\/schema.org","@graph":[{"@type":"WebPage","@id":"https:\/\/reusetrading.be\/es\/productos\/aceites-y-grasas\/flujos-de-residuos\/","url":"https:\/\/reusetrading.be\/es\/productos\/aceites-y-grasas\/flujos-de-residuos\/","name":"Flujos de residuos | Reuse Trading","isPartOf":{"@id":"https:\/\/reusetrading.be\/es\/#website"},"primaryImageOfPage":{"@id":"https:\/\/reusetrading.be\/es\/productos\/aceites-y-grasas\/flujos-de-residuos\/#primaryimage"},"image":{"@id":"https:\/\/reusetrading.be\/es\/productos\/aceites-y-grasas\/flujos-de-residuos\/#primaryimage"},"thumbnailUrl":"https:\/\/reusetrading.be\/wp-content\/uploads\/2026\/03\/Reuse_Trading_Acids-e1773222627569.jpg","datePublished":"2026-03-11T09:49:28+00:00","dateModified":"2026-04-29T06:33:07+00:00","description":"Reuse Trading suministra flujos de residuos para aplicaciones industriales, oleoqu\u00edmicas y de alimentaci\u00f3n animal, procedentes de productores mundiales de confianza.","breadcrumb":{"@id":"https:\/\/reusetrading.be\/es\/productos\/aceites-y-grasas\/flujos-de-residuos\/#breadcrumb"},"inLanguage":"es","potentialAction":[{"@type":"ReadAction","target":["https:\/\/reusetrading.be\/es\/productos\/aceites-y-grasas\/flujos-de-residuos\/"]}]},{"@type":"ImageObject","inLanguage":"es","@id":"https:\/\/reusetrading.be\/es\/productos\/aceites-y-grasas\/flujos-de-residuos\/#primaryimage","url":"https:\/\/reusetrading.be\/wp-content\/uploads\/2026\/03\/Reuse_Trading_Acids-e1773222627569.jpg","contentUrl":"https:\/\/reusetrading.be\/wp-content\/uploads\/2026\/03\/Reuse_Trading_Acids-e1773222627569.jpg","width":2040,"height":1360},{"@type":"BreadcrumbList","@id":"https:\/\/reusetrading.be\/es\/productos\/aceites-y-grasas\/flujos-de-residuos\/#breadcrumb","itemListElement":[{"@type":"ListItem","position":1,"name":"Inicio","item":"https:\/\/reusetrading.be\/es\/inicio\/"},{"@type":"ListItem","position":2,"name":"Productos","item":"https:\/\/reusetrading.be\/es\/productos\/"},{"@type":"ListItem","position":3,"name":"Aceites y grasas","item":"https:\/\/reusetrading.be\/es\/productos\/aceites-y-grasas\/"},{"@type":"ListItem","position":4,"name":"Flujos de residuos"}]},{"@type":"WebSite","@id":"https:\/\/reusetrading.be\/es\/#website","url":"https:\/\/reusetrading.be\/es\/","name":"Reuse Trading","description":"","potentialAction":[{"@type":"SearchAction","target":{"@type":"EntryPoint","urlTemplate":"https:\/\/reusetrading.be\/es\/?s={search_term_string}"},"query-input":{"@type":"PropertyValueSpecification","valueRequired":true,"valueName":"search_term_string"}}],"inLanguage":"es"}]}},"_links":{"self":[{"href":"https:\/\/reusetrading.be\/es\/wp-json\/wp\/v2\/pages\/1347","targetHints":{"allow":["GET"]}}],"collection":[{"href":"https:\/\/reusetrading.be\/es\/wp-json\/wp\/v2\/pages"}],"about":[{"href":"https:\/\/reusetrading.be\/es\/wp-json\/wp\/v2\/types\/page"}],"author":[{"embeddable":true,"href":"https:\/\/reusetrading.be\/es\/wp-json\/wp\/v2\/users\/1"}],"replies":[{"embeddable":true,"href":"https:\/\/reusetrading.be\/es\/wp-json\/wp\/v2\/comments?post=1347"}],"version-history":[{"count":1,"href":"https:\/\/reusetrading.be\/es\/wp-json\/wp\/v2\/pages\/1347\/revisions"}],"predecessor-version":[{"id":1350,"href":"https:\/\/reusetrading.be\/es\/wp-json\/wp\/v2\/pages\/1347\/revisions\/1350"}],"up":[{"embeddable":true,"href":"https:\/\/reusetrading.be\/es\/wp-json\/wp\/v2\/pages\/1760"}],"wp:featuredmedia":[{"embeddable":true,"href":"https:\/\/reusetrading.be\/es\/wp-json\/wp\/v2\/media\/1348"}],"wp:attachment":[{"href":"https:\/\/reusetrading.be\/es\/wp-json\/wp\/v2\/media?parent=1347"}],"curies":[{"name":"wp","href":"https:\/\/api.w.org\/{rel}","templated":true}]}}