{"id":1553,"date":"2026-03-11T11:26:21","date_gmt":"2026-03-11T11:26:21","guid":{"rendered":"https:\/\/reusetrading.be\/cosmetica\/"},"modified":"2026-04-29T06:26:57","modified_gmt":"2026-04-29T06:26:57","slug":"cosmetica","status":"publish","type":"page","link":"https:\/\/reusetrading.be\/es\/productos\/productos-quimicos\/cosmetica\/","title":{"rendered":"Cosm\u00e9tica"},"content":{"rendered":"\t\t<div data-elementor-type=\"wp-page\" data-elementor-id=\"1553\" class=\"elementor elementor-1553 elementor-733\" data-elementor-post-type=\"page\">\n\t\t\t\t<div data-particle_enable=\"false\" data-particle-mobile-disabled=\"false\" class=\"elementor-element elementor-element-9bb4ef3 e-flex e-con-boxed e-con e-parent\" data-id=\"9bb4ef3\" data-element_type=\"container\" data-e-type=\"container\">\n\t\t\t\t\t<div class=\"e-con-inner\">\n\t\t<div data-particle_enable=\"false\" data-particle-mobile-disabled=\"false\" class=\"elementor-element elementor-element-d286634 e-con-full e-flex e-con e-child\" data-id=\"d286634\" data-element_type=\"container\" data-e-type=\"container\">\n\t\t\t\t<div class=\"elementor-element elementor-element-3156c20 elementor-widget elementor-widget-heading\" data-id=\"3156c20\" data-element_type=\"widget\" data-e-type=\"widget\" data-widget_type=\"heading.default\">\n\t\t\t\t\t<h1 class=\"elementor-heading-title elementor-size-default\">Cosm\u00e9tica\n<span class=\"highlight\"><\/span> <\/h1>\t\t\t\t<\/div>\n\t\t\t\t<\/div>\n\t\t<div data-particle_enable=\"false\" data-particle-mobile-disabled=\"false\" class=\"elementor-element elementor-element-976d89c e-con-full e-flex e-con e-child\" data-id=\"976d89c\" data-element_type=\"container\" data-e-type=\"container\">\n\t\t\t\t<div class=\"elementor-element elementor-element-cc3eb65 elementor-widget elementor-widget-text-editor\" data-id=\"cc3eb65\" data-element_type=\"widget\" data-e-type=\"widget\" data-widget_type=\"text-editor.default\">\n\t\t\t\t\t\t\t\t\t<p>Suministramos a la industria cosm\u00e9tica distintos tipos de productos qu\u00edmicos, como disolventes, tensioactivos, emulsionantes, humectantes, espesantes\u2026 <\/p>\t\t\t\t\t\t\t\t<\/div>\n\t\t\t\t<div class=\"elementor-element elementor-element-8fccf48 elementor-widget elementor-widget-button\" data-id=\"8fccf48\" data-element_type=\"widget\" data-e-type=\"widget\" data-widget_type=\"button.default\">\n\t\t\t\t\t\t\t\t\t\t<a class=\"elementor-button elementor-button-link elementor-size-sm\" href=\"#care\">\n\t\t\t\t\t\t<span class=\"elementor-button-content-wrapper\">\n\t\t\t\t\t\t<span class=\"elementor-button-icon\">\n\t\t\t\t<svg aria-hidden=\"true\" class=\"e-font-icon-svg e-fas-long-arrow-alt-right\" viewBox=\"0 0 448 512\" xmlns=\"http:\/\/www.w3.org\/2000\/svg\"><path d=\"M313.941 216H12c-6.627 0-12 5.373-12 12v56c0 6.627 5.373 12 12 12h301.941v46.059c0 21.382 25.851 32.09 40.971 16.971l86.059-86.059c9.373-9.373 9.373-24.569 0-33.941l-86.059-86.059c-15.119-15.119-40.971-4.411-40.971 16.971V216z\"><\/path><\/svg>\t\t\t<\/span>\n\t\t\t\t\t\t\t\t\t<span class=\"elementor-button-text\">Descubra productos relacionados<\/span>\n\t\t\t\t\t<\/span>\n\t\t\t\t\t<\/a>\n\t\t\t\t\t\t\t\t<\/div>\n\t\t\t\t<\/div>\n\t\t\t\t\t<\/div>\n\t\t\t\t<\/div>\n\t\t<div data-particle_enable=\"false\" data-particle-mobile-disabled=\"false\" class=\"elementor-element elementor-element-300adb2 e-flex e-con-boxed e-con e-parent\" data-id=\"300adb2\" data-element_type=\"container\" data-e-type=\"container\">\n\t\t\t\t\t<div class=\"e-con-inner\">\n\t\t<div data-particle_enable=\"false\" data-particle-mobile-disabled=\"false\" class=\"elementor-element elementor-element-f8800e1 e-con-full e-flex e-con e-child\" data-id=\"f8800e1\" data-element_type=\"container\" data-e-type=\"container\">\n\t\t\t\t<div class=\"elementor-element elementor-element-cd97fe6 elementor-widget elementor-widget-image\" data-id=\"cd97fe6\" data-element_type=\"widget\" data-e-type=\"widget\" data-widget_type=\"image.default\">\n\t\t\t\t\t\t\t\t\t\t\t\t\t\t\t<img fetchpriority=\"high\" decoding=\"async\" width=\"2560\" height=\"1400\" src=\"https:\/\/reusetrading.be\/wp-content\/uploads\/2026\/03\/Reuse-Trading_Petroleum-Jelly.jpg\" class=\"attachment-full size-full wp-image-1554\" alt=\"\" srcset=\"https:\/\/reusetrading.be\/wp-content\/uploads\/2026\/03\/Reuse-Trading_Petroleum-Jelly.jpg 2560w, https:\/\/reusetrading.be\/wp-content\/uploads\/2026\/03\/Reuse-Trading_Petroleum-Jelly-300x164.jpg 300w, https:\/\/reusetrading.be\/wp-content\/uploads\/2026\/03\/Reuse-Trading_Petroleum-Jelly-1024x560.jpg 1024w, https:\/\/reusetrading.be\/wp-content\/uploads\/2026\/03\/Reuse-Trading_Petroleum-Jelly-768x420.jpg 768w, https:\/\/reusetrading.be\/wp-content\/uploads\/2026\/03\/Reuse-Trading_Petroleum-Jelly-1536x840.jpg 1536w, https:\/\/reusetrading.be\/wp-content\/uploads\/2026\/03\/Reuse-Trading_Petroleum-Jelly-2048x1120.jpg 2048w\" sizes=\"(max-width: 2560px) 100vw, 2560px\" \/>\t\t\t\t\t\t\t\t\t\t\t\t\t\t\t<\/div>\n\t\t\t\t<\/div>\n\t\t\t\t\t<\/div>\n\t\t\t\t<\/div>\n\t\t<div data-particle_enable=\"false\" data-particle-mobile-disabled=\"false\" class=\"elementor-element elementor-element-8e2994e e-flex e-con-boxed e-con e-parent\" data-id=\"8e2994e\" data-element_type=\"container\" data-e-type=\"container\" id=\"care\">\n\t\t\t\t\t<div class=\"e-con-inner\">\n\t\t<div data-particle_enable=\"false\" data-particle-mobile-disabled=\"false\" class=\"elementor-element elementor-element-241177c e-con-full e-flex e-con e-child\" data-id=\"241177c\" data-element_type=\"container\" data-e-type=\"container\">\n\t\t\t\t<div class=\"elementor-element elementor-element-82dff51 elementor-widget elementor-widget-heading\" data-id=\"82dff51\" data-element_type=\"widget\" data-e-type=\"widget\" data-widget_type=\"heading.default\">\n\t\t\t\t\t<h2 class=\"elementor-heading-title elementor-size-default\">Productos relacionados<\/h2>\t\t\t\t<\/div>\n\t\t\t\t<div class=\"elementor-element elementor-element-6111a70 elementor-icon-list--layout-traditional elementor-list-item-link-full_width elementor-widget elementor-widget-icon-list\" data-id=\"6111a70\" data-element_type=\"widget\" data-e-type=\"widget\" data-widget_type=\"icon-list.default\">\n\t\t\t\t\t\t\t<ul class=\"elementor-icon-list-items\">\n\t\t\t\t\t\t\t<li class=\"elementor-icon-list-item\">\n\t\t\t\t\t\t\t\t\t\t\t<span class=\"elementor-icon-list-icon\">\n\t\t\t\t\t\t\t<svg xmlns=\"http:\/\/www.w3.org\/2000\/svg\" id=\"Laag_1\" data-name=\"Laag 1\" width=\"486.71mm\" height=\"404.4mm\" viewBox=\"0 0 1379.66 1146.34\"><defs><style>      .cls-1 {        fill: #81c8e4;      }    <\/style><\/defs><polygon class=\"cls-1\" points=\"0 0 371.75 914.59 1379.66 1146.34 914.59 231.76 0 0\"><\/polygon><\/svg>\t\t\t\t\t\t<\/span>\n\t\t\t\t\t\t\t\t\t\t<span class=\"elementor-icon-list-text\">\u00c1cido asc\u00f3rbico (vitamina C)<\/span>\n\t\t\t\t\t\t\t\t\t<\/li>\n\t\t\t\t\t\t\t\t<li class=\"elementor-icon-list-item\">\n\t\t\t\t\t\t\t\t\t\t\t<span class=\"elementor-icon-list-icon\">\n\t\t\t\t\t\t\t<svg xmlns=\"http:\/\/www.w3.org\/2000\/svg\" id=\"Laag_1\" data-name=\"Laag 1\" width=\"486.71mm\" height=\"404.4mm\" viewBox=\"0 0 1379.66 1146.34\"><defs><style>      .cls-1 {        fill: #81c8e4;      }    <\/style><\/defs><polygon class=\"cls-1\" points=\"0 0 371.75 914.59 1379.66 1146.34 914.59 231.76 0 0\"><\/polygon><\/svg>\t\t\t\t\t\t<\/span>\n\t\t\t\t\t\t\t\t\t\t<span class=\"elementor-icon-list-text\">Alcohol cet\u00edlico<\/span>\n\t\t\t\t\t\t\t\t\t<\/li>\n\t\t\t\t\t\t\t\t<li class=\"elementor-icon-list-item\">\n\t\t\t\t\t\t\t\t\t\t\t<span class=\"elementor-icon-list-icon\">\n\t\t\t\t\t\t\t<svg xmlns=\"http:\/\/www.w3.org\/2000\/svg\" id=\"Laag_1\" data-name=\"Laag 1\" width=\"486.71mm\" height=\"404.4mm\" viewBox=\"0 0 1379.66 1146.34\"><defs><style>      .cls-1 {        fill: #81c8e4;      }    <\/style><\/defs><polygon class=\"cls-1\" points=\"0 0 371.75 914.59 1379.66 1146.34 914.59 231.76 0 0\"><\/polygon><\/svg>\t\t\t\t\t\t<\/span>\n\t\t\t\t\t\t\t\t\t\t<span class=\"elementor-icon-list-text\">Alcohol cetoestear\u00edlico<\/span>\n\t\t\t\t\t\t\t\t\t<\/li>\n\t\t\t\t\t\t\t\t<li class=\"elementor-icon-list-item\">\n\t\t\t\t\t\t\t\t\t\t\t<span class=\"elementor-icon-list-icon\">\n\t\t\t\t\t\t\t<svg xmlns=\"http:\/\/www.w3.org\/2000\/svg\" id=\"Laag_1\" data-name=\"Laag 1\" width=\"486.71mm\" height=\"404.4mm\" viewBox=\"0 0 1379.66 1146.34\"><defs><style>      .cls-1 {        fill: #81c8e4;      }    <\/style><\/defs><polygon class=\"cls-1\" points=\"0 0 371.75 914.59 1379.66 1146.34 914.59 231.76 0 0\"><\/polygon><\/svg>\t\t\t\t\t\t<\/span>\n\t\t\t\t\t\t\t\t\t\t<span class=\"elementor-icon-list-text\">Glicerina<\/span>\n\t\t\t\t\t\t\t\t\t<\/li>\n\t\t\t\t\t\t<\/ul>\n\t\t\t\t\t\t<\/div>\n\t\t\t\t<div class=\"elementor-element elementor-element-c42235f elementor-icon-list--layout-traditional elementor-list-item-link-full_width elementor-widget elementor-widget-icon-list\" data-id=\"c42235f\" data-element_type=\"widget\" data-e-type=\"widget\" data-widget_type=\"icon-list.default\">\n\t\t\t\t\t\t\t<ul class=\"elementor-icon-list-items\">\n\t\t\t\t\t\t\t<li class=\"elementor-icon-list-item\">\n\t\t\t\t\t\t\t\t\t\t\t<span class=\"elementor-icon-list-icon\">\n\t\t\t\t\t\t\t<svg xmlns=\"http:\/\/www.w3.org\/2000\/svg\" id=\"Laag_1\" data-name=\"Laag 1\" width=\"486.71mm\" height=\"404.4mm\" viewBox=\"0 0 1379.66 1146.34\"><defs><style>      .cls-1 {        fill: #81c8e4;      }    <\/style><\/defs><polygon class=\"cls-1\" points=\"0 0 371.75 914.59 1379.66 1146.34 914.59 231.76 0 0\"><\/polygon><\/svg>\t\t\t\t\t\t<\/span>\n\t\t\t\t\t\t\t\t\t\t<span class=\"elementor-icon-list-text\">Alcohol isoprop\u00edlico<\/span>\n\t\t\t\t\t\t\t\t\t<\/li>\n\t\t\t\t\t\t\t\t<li class=\"elementor-icon-list-item\">\n\t\t\t\t\t\t\t\t\t\t\t<span class=\"elementor-icon-list-icon\">\n\t\t\t\t\t\t\t<svg xmlns=\"http:\/\/www.w3.org\/2000\/svg\" id=\"Laag_1\" data-name=\"Laag 1\" width=\"486.71mm\" height=\"404.4mm\" viewBox=\"0 0 1379.66 1146.34\"><defs><style>      .cls-1 {        fill: #81c8e4;      }    <\/style><\/defs><polygon class=\"cls-1\" points=\"0 0 371.75 914.59 1379.66 1146.34 914.59 231.76 0 0\"><\/polygon><\/svg>\t\t\t\t\t\t<\/span>\n\t\t\t\t\t\t\t\t\t\t<span class=\"elementor-icon-list-text\">MPG<\/span>\n\t\t\t\t\t\t\t\t\t<\/li>\n\t\t\t\t\t\t\t\t<li class=\"elementor-icon-list-item\">\n\t\t\t\t\t\t\t\t\t\t\t<span class=\"elementor-icon-list-icon\">\n\t\t\t\t\t\t\t<svg xmlns=\"http:\/\/www.w3.org\/2000\/svg\" id=\"Laag_1\" data-name=\"Laag 1\" width=\"486.71mm\" height=\"404.4mm\" viewBox=\"0 0 1379.66 1146.34\"><defs><style>      .cls-1 {        fill: #81c8e4;      }    <\/style><\/defs><polygon class=\"cls-1\" points=\"0 0 371.75 914.59 1379.66 1146.34 914.59 231.76 0 0\"><\/polygon><\/svg>\t\t\t\t\t\t<\/span>\n\t\t\t\t\t\t\t\t\t\t<span class=\"elementor-icon-list-text\">Cera de parafina<\/span>\n\t\t\t\t\t\t\t\t\t<\/li>\n\t\t\t\t\t\t\t\t<li class=\"elementor-icon-list-item\">\n\t\t\t\t\t\t\t\t\t\t\t<span class=\"elementor-icon-list-icon\">\n\t\t\t\t\t\t\t<svg xmlns=\"http:\/\/www.w3.org\/2000\/svg\" id=\"Laag_1\" data-name=\"Laag 1\" width=\"486.71mm\" height=\"404.4mm\" viewBox=\"0 0 1379.66 1146.34\"><defs><style>      .cls-1 {        fill: #81c8e4;      }    <\/style><\/defs><polygon class=\"cls-1\" points=\"0 0 371.75 914.59 1379.66 1146.34 914.59 231.76 0 0\"><\/polygon><\/svg>\t\t\t\t\t\t<\/span>\n\t\t\t\t\t\t\t\t\t\t<span class=\"elementor-icon-list-text\">Vaselina<\/span>\n\t\t\t\t\t\t\t\t\t<\/li>\n\t\t\t\t\t\t<\/ul>\n\t\t\t\t\t\t<\/div>\n\t\t\t\t<div class=\"elementor-element elementor-element-138d183 elementor-icon-list--layout-traditional elementor-list-item-link-full_width elementor-widget elementor-widget-icon-list\" data-id=\"138d183\" data-element_type=\"widget\" data-e-type=\"widget\" data-widget_type=\"icon-list.default\">\n\t\t\t\t\t\t\t<ul class=\"elementor-icon-list-items\">\n\t\t\t\t\t\t\t<li class=\"elementor-icon-list-item\">\n\t\t\t\t\t\t\t\t\t\t\t<span class=\"elementor-icon-list-icon\">\n\t\t\t\t\t\t\t<svg xmlns=\"http:\/\/www.w3.org\/2000\/svg\" id=\"Laag_1\" data-name=\"Laag 1\" width=\"486.71mm\" height=\"404.4mm\" viewBox=\"0 0 1379.66 1146.34\"><defs><style>      .cls-1 {        fill: #81c8e4;      }    <\/style><\/defs><polygon class=\"cls-1\" points=\"0 0 371.75 914.59 1379.66 1146.34 914.59 231.76 0 0\"><\/polygon><\/svg>\t\t\t\t\t\t<\/span>\n\t\t\t\t\t\t\t\t\t\t<span class=\"elementor-icon-list-text\">\u00c1cido este\u00e1rico (TP)<\/span>\n\t\t\t\t\t\t\t\t\t<\/li>\n\t\t\t\t\t\t\t\t<li class=\"elementor-icon-list-item\">\n\t\t\t\t\t\t\t\t\t\t\t<span class=\"elementor-icon-list-icon\">\n\t\t\t\t\t\t\t<svg xmlns=\"http:\/\/www.w3.org\/2000\/svg\" id=\"Laag_1\" data-name=\"Laag 1\" width=\"486.71mm\" height=\"404.4mm\" viewBox=\"0 0 1379.66 1146.34\"><defs><style>      .cls-1 {        fill: #81c8e4;      }    <\/style><\/defs><polygon class=\"cls-1\" points=\"0 0 371.75 914.59 1379.66 1146.34 914.59 231.76 0 0\"><\/polygon><\/svg>\t\t\t\t\t\t<\/span>\n\t\t\t\t\t\t\t\t\t\t<span class=\"elementor-icon-list-text\">Aceite mineral blanco<\/span>\n\t\t\t\t\t\t\t\t\t<\/li>\n\t\t\t\t\t\t\t\t<li class=\"elementor-icon-list-item\">\n\t\t\t\t\t\t\t\t\t\t\t<span class=\"elementor-icon-list-icon\">\n\t\t\t\t\t\t\t<svg xmlns=\"http:\/\/www.w3.org\/2000\/svg\" id=\"Laag_1\" data-name=\"Laag 1\" width=\"486.71mm\" height=\"404.4mm\" viewBox=\"0 0 1379.66 1146.34\"><defs><style>      .cls-1 {        fill: #81c8e4;      }    <\/style><\/defs><polygon class=\"cls-1\" points=\"0 0 371.75 914.59 1379.66 1146.34 914.59 231.76 0 0\"><\/polygon><\/svg>\t\t\t\t\t\t<\/span>\n\t\t\t\t\t\t\t\t\t\t<span class=\"elementor-icon-list-text\">Sorbitol<\/span>\n\t\t\t\t\t\t\t\t\t<\/li>\n\t\t\t\t\t\t<\/ul>\n\t\t\t\t\t\t<\/div>\n\t\t\t\t<\/div>\n\t\t\t\t\t<\/div>\n\t\t\t\t<\/div>\n\t\t\t\t<\/div>\n\t\t","protected":false},"excerpt":{"rendered":"<p>Cosm\u00e9tica Suministramos a la industria cosm\u00e9tica distintos tipos de productos qu\u00edmicos, como disolventes, tensioactivos, emulsionantes, humectantes, espesantes\u2026 Descubra productos relacionados Productos relacionados \u00c1cido asc\u00f3rbico (vitamina C) Alcohol cet\u00edlico Alcohol cetoestear\u00edlico Glicerina Alcohol isoprop\u00edlico MPG Cera de parafina Vaselina \u00c1cido este\u00e1rico (TP) Aceite mineral blanco Sorbitol<\/p>\n","protected":false},"author":1,"featured_media":1555,"parent":1558,"menu_order":0,"comment_status":"closed","ping_status":"closed","template":"elementor_header_footer","meta":{"footnotes":""},"class_list":["post-1553","page","type-page","status-publish","has-post-thumbnail","hentry"],"yoast_head":"<!-- This site is optimized with the Yoast SEO plugin v27.6 - https:\/\/yoast.com\/product\/yoast-seo-wordpress\/ -->\n<title>Cosm\u00e9tica | Reuse Trading<\/title>\n<meta name=\"description\" content=\"Ingredientes qu\u00edmicos para formulaciones cosm\u00e9ticas suministrados por Reuse Trading, con abastecimiento fiable y calidad constante.\" \/>\n<meta name=\"robots\" content=\"index, follow, max-snippet:-1, max-image-preview:large, max-video-preview:-1\" \/>\n<link rel=\"canonical\" href=\"https:\/\/reusetrading.be\/es\/productos\/productos-quimicos\/cosmetica\/\" \/>\n<meta property=\"og:locale\" content=\"es_ES\" \/>\n<meta property=\"og:type\" content=\"article\" \/>\n<meta property=\"og:title\" content=\"Cosm\u00e9tica | Reuse Trading\" \/>\n<meta property=\"og:description\" content=\"Ingredientes qu\u00edmicos para formulaciones cosm\u00e9ticas suministrados por Reuse Trading, con abastecimiento fiable y calidad constante.\" \/>\n<meta property=\"og:url\" content=\"https:\/\/reusetrading.be\/es\/productos\/productos-quimicos\/cosmetica\/\" \/>\n<meta property=\"og:site_name\" content=\"Reuse Trading\" \/>\n<meta property=\"article:modified_time\" content=\"2026-04-29T06:26:57+00:00\" \/>\n<meta property=\"og:image\" content=\"https:\/\/reusetrading.be\/wp-content\/uploads\/2026\/03\/Reuse_Trading_Cosmetics.jpg\" \/>\n\t<meta property=\"og:image:width\" content=\"2040\" \/>\n\t<meta property=\"og:image:height\" content=\"1360\" \/>\n\t<meta property=\"og:image:type\" content=\"image\/jpeg\" \/>\n<meta name=\"twitter:card\" content=\"summary_large_image\" \/>\n<script type=\"application\/ld+json\" class=\"yoast-schema-graph\">{\"@context\":\"https:\\\/\\\/schema.org\",\"@graph\":[{\"@type\":\"WebPage\",\"@id\":\"https:\\\/\\\/reusetrading.be\\\/es\\\/productos\\\/productos-quimicos\\\/cosmetica\\\/\",\"url\":\"https:\\\/\\\/reusetrading.be\\\/es\\\/productos\\\/productos-quimicos\\\/cosmetica\\\/\",\"name\":\"Cosm\u00e9tica | Reuse Trading\",\"isPartOf\":{\"@id\":\"https:\\\/\\\/reusetrading.be\\\/es\\\/#website\"},\"primaryImageOfPage\":{\"@id\":\"https:\\\/\\\/reusetrading.be\\\/es\\\/productos\\\/productos-quimicos\\\/cosmetica\\\/#primaryimage\"},\"image\":{\"@id\":\"https:\\\/\\\/reusetrading.be\\\/es\\\/productos\\\/productos-quimicos\\\/cosmetica\\\/#primaryimage\"},\"thumbnailUrl\":\"https:\\\/\\\/reusetrading.be\\\/wp-content\\\/uploads\\\/2026\\\/03\\\/Reuse_Trading_Cosmetics.jpg\",\"datePublished\":\"2026-03-11T11:26:21+00:00\",\"dateModified\":\"2026-04-29T06:26:57+00:00\",\"description\":\"Ingredientes qu\u00edmicos para formulaciones cosm\u00e9ticas suministrados por Reuse Trading, con abastecimiento fiable y calidad constante.\",\"breadcrumb\":{\"@id\":\"https:\\\/\\\/reusetrading.be\\\/es\\\/productos\\\/productos-quimicos\\\/cosmetica\\\/#breadcrumb\"},\"inLanguage\":\"es\",\"potentialAction\":[{\"@type\":\"ReadAction\",\"target\":[\"https:\\\/\\\/reusetrading.be\\\/es\\\/productos\\\/productos-quimicos\\\/cosmetica\\\/\"]}]},{\"@type\":\"ImageObject\",\"inLanguage\":\"es\",\"@id\":\"https:\\\/\\\/reusetrading.be\\\/es\\\/productos\\\/productos-quimicos\\\/cosmetica\\\/#primaryimage\",\"url\":\"https:\\\/\\\/reusetrading.be\\\/wp-content\\\/uploads\\\/2026\\\/03\\\/Reuse_Trading_Cosmetics.jpg\",\"contentUrl\":\"https:\\\/\\\/reusetrading.be\\\/wp-content\\\/uploads\\\/2026\\\/03\\\/Reuse_Trading_Cosmetics.jpg\",\"width\":2040,\"height\":1360},{\"@type\":\"BreadcrumbList\",\"@id\":\"https:\\\/\\\/reusetrading.be\\\/es\\\/productos\\\/productos-quimicos\\\/cosmetica\\\/#breadcrumb\",\"itemListElement\":[{\"@type\":\"ListItem\",\"position\":1,\"name\":\"Inicio\",\"item\":\"https:\\\/\\\/reusetrading.be\\\/es\\\/inicio\\\/\"},{\"@type\":\"ListItem\",\"position\":2,\"name\":\"Cosm\u00e9tica\"}]},{\"@type\":\"WebSite\",\"@id\":\"https:\\\/\\\/reusetrading.be\\\/es\\\/#website\",\"url\":\"https:\\\/\\\/reusetrading.be\\\/es\\\/\",\"name\":\"Reuse Trading\",\"description\":\"\",\"potentialAction\":[{\"@type\":\"SearchAction\",\"target\":{\"@type\":\"EntryPoint\",\"urlTemplate\":\"https:\\\/\\\/reusetrading.be\\\/es\\\/?s={search_term_string}\"},\"query-input\":{\"@type\":\"PropertyValueSpecification\",\"valueRequired\":true,\"valueName\":\"search_term_string\"}}],\"inLanguage\":\"es\"}]}<\/script>\n<!-- \/ Yoast SEO plugin. -->","yoast_head_json":{"title":"Cosm\u00e9tica | Reuse Trading","description":"Ingredientes qu\u00edmicos para formulaciones cosm\u00e9ticas suministrados por Reuse Trading, con abastecimiento fiable y calidad constante.","robots":{"index":"index","follow":"follow","max-snippet":"max-snippet:-1","max-image-preview":"max-image-preview:large","max-video-preview":"max-video-preview:-1"},"canonical":"https:\/\/reusetrading.be\/es\/productos\/productos-quimicos\/cosmetica\/","og_locale":"es_ES","og_type":"article","og_title":"Cosm\u00e9tica | Reuse Trading","og_description":"Ingredientes qu\u00edmicos para formulaciones cosm\u00e9ticas suministrados por Reuse Trading, con abastecimiento fiable y calidad constante.","og_url":"https:\/\/reusetrading.be\/es\/productos\/productos-quimicos\/cosmetica\/","og_site_name":"Reuse Trading","article_modified_time":"2026-04-29T06:26:57+00:00","og_image":[{"width":2040,"height":1360,"url":"https:\/\/reusetrading.be\/wp-content\/uploads\/2026\/03\/Reuse_Trading_Cosmetics.jpg","type":"image\/jpeg"}],"twitter_card":"summary_large_image","schema":{"@context":"https:\/\/schema.org","@graph":[{"@type":"WebPage","@id":"https:\/\/reusetrading.be\/es\/productos\/productos-quimicos\/cosmetica\/","url":"https:\/\/reusetrading.be\/es\/productos\/productos-quimicos\/cosmetica\/","name":"Cosm\u00e9tica | Reuse Trading","isPartOf":{"@id":"https:\/\/reusetrading.be\/es\/#website"},"primaryImageOfPage":{"@id":"https:\/\/reusetrading.be\/es\/productos\/productos-quimicos\/cosmetica\/#primaryimage"},"image":{"@id":"https:\/\/reusetrading.be\/es\/productos\/productos-quimicos\/cosmetica\/#primaryimage"},"thumbnailUrl":"https:\/\/reusetrading.be\/wp-content\/uploads\/2026\/03\/Reuse_Trading_Cosmetics.jpg","datePublished":"2026-03-11T11:26:21+00:00","dateModified":"2026-04-29T06:26:57+00:00","description":"Ingredientes qu\u00edmicos para formulaciones cosm\u00e9ticas suministrados por Reuse Trading, con abastecimiento fiable y calidad constante.","breadcrumb":{"@id":"https:\/\/reusetrading.be\/es\/productos\/productos-quimicos\/cosmetica\/#breadcrumb"},"inLanguage":"es","potentialAction":[{"@type":"ReadAction","target":["https:\/\/reusetrading.be\/es\/productos\/productos-quimicos\/cosmetica\/"]}]},{"@type":"ImageObject","inLanguage":"es","@id":"https:\/\/reusetrading.be\/es\/productos\/productos-quimicos\/cosmetica\/#primaryimage","url":"https:\/\/reusetrading.be\/wp-content\/uploads\/2026\/03\/Reuse_Trading_Cosmetics.jpg","contentUrl":"https:\/\/reusetrading.be\/wp-content\/uploads\/2026\/03\/Reuse_Trading_Cosmetics.jpg","width":2040,"height":1360},{"@type":"BreadcrumbList","@id":"https:\/\/reusetrading.be\/es\/productos\/productos-quimicos\/cosmetica\/#breadcrumb","itemListElement":[{"@type":"ListItem","position":1,"name":"Inicio","item":"https:\/\/reusetrading.be\/es\/inicio\/"},{"@type":"ListItem","position":2,"name":"Cosm\u00e9tica"}]},{"@type":"WebSite","@id":"https:\/\/reusetrading.be\/es\/#website","url":"https:\/\/reusetrading.be\/es\/","name":"Reuse Trading","description":"","potentialAction":[{"@type":"SearchAction","target":{"@type":"EntryPoint","urlTemplate":"https:\/\/reusetrading.be\/es\/?s={search_term_string}"},"query-input":{"@type":"PropertyValueSpecification","valueRequired":true,"valueName":"search_term_string"}}],"inLanguage":"es"}]}},"_links":{"self":[{"href":"https:\/\/reusetrading.be\/es\/wp-json\/wp\/v2\/pages\/1553","targetHints":{"allow":["GET"]}}],"collection":[{"href":"https:\/\/reusetrading.be\/es\/wp-json\/wp\/v2\/pages"}],"about":[{"href":"https:\/\/reusetrading.be\/es\/wp-json\/wp\/v2\/types\/page"}],"author":[{"embeddable":true,"href":"https:\/\/reusetrading.be\/es\/wp-json\/wp\/v2\/users\/1"}],"replies":[{"embeddable":true,"href":"https:\/\/reusetrading.be\/es\/wp-json\/wp\/v2\/comments?post=1553"}],"version-history":[{"count":2,"href":"https:\/\/reusetrading.be\/es\/wp-json\/wp\/v2\/pages\/1553\/revisions"}],"predecessor-version":[{"id":1560,"href":"https:\/\/reusetrading.be\/es\/wp-json\/wp\/v2\/pages\/1553\/revisions\/1560"}],"up":[{"embeddable":true,"href":"https:\/\/reusetrading.be\/es\/wp-json\/wp\/v2\/pages\/1558"}],"wp:featuredmedia":[{"embeddable":true,"href":"https:\/\/reusetrading.be\/es\/wp-json\/wp\/v2\/media\/1555"}],"wp:attachment":[{"href":"https:\/\/reusetrading.be\/es\/wp-json\/wp\/v2\/media?parent=1553"}],"curies":[{"name":"wp","href":"https:\/\/api.w.org\/{rel}","templated":true}]}}