{"id":1591,"date":"2026-03-11T11:16:31","date_gmt":"2026-03-11T11:16:31","guid":{"rendered":"https:\/\/reusetrading.be\/productos-quimicos\/cuidado-personal-y-del-hogar\/"},"modified":"2026-04-29T06:27:40","modified_gmt":"2026-04-29T06:27:40","slug":"cuidado-personal-y-del-hogar","status":"publish","type":"page","link":"https:\/\/reusetrading.be\/es\/productos\/productos-quimicos\/cuidado-personal-y-del-hogar\/","title":{"rendered":"Cuidado personal y del hogar"},"content":{"rendered":"\t\t<div data-elementor-type=\"wp-page\" data-elementor-id=\"1591\" class=\"elementor elementor-1591 elementor-720\" data-elementor-post-type=\"page\">\n\t\t\t\t<div data-particle_enable=\"false\" data-particle-mobile-disabled=\"false\" class=\"elementor-element elementor-element-9bb4ef3 e-flex e-con-boxed e-con e-parent\" data-id=\"9bb4ef3\" data-element_type=\"container\" data-e-type=\"container\">\n\t\t\t\t\t<div class=\"e-con-inner\">\n\t\t<div data-particle_enable=\"false\" data-particle-mobile-disabled=\"false\" class=\"elementor-element elementor-element-d286634 e-con-full e-flex e-con e-child\" data-id=\"d286634\" data-element_type=\"container\" data-e-type=\"container\">\n\t\t\t\t<div class=\"elementor-element elementor-element-3156c20 elementor-widget elementor-widget-heading\" data-id=\"3156c20\" data-element_type=\"widget\" data-e-type=\"widget\" data-widget_type=\"heading.default\">\n\t\t\t\t\t<h1 class=\"elementor-heading-title elementor-size-default\">Cuidado personal y del \n<span class=\"highlight\">hogar<\/span> <\/h1>\t\t\t\t<\/div>\n\t\t\t\t<\/div>\n\t\t<div data-particle_enable=\"false\" data-particle-mobile-disabled=\"false\" class=\"elementor-element elementor-element-976d89c e-con-full e-flex e-con e-child\" data-id=\"976d89c\" data-element_type=\"container\" data-e-type=\"container\">\n\t\t\t\t<div class=\"elementor-element elementor-element-cc3eb65 elementor-widget elementor-widget-text-editor\" data-id=\"cc3eb65\" data-element_type=\"widget\" data-e-type=\"widget\" data-widget_type=\"text-editor.default\">\n\t\t\t\t\t\t\t\t\t<p>Obtenemos materias primas fiables de m\u00faltiples or\u00edgenes globales. Nuestro equipo sigue de cerca los movimientos del mercado y selecciona proveedores con un s\u00f3lido historial en pureza, consistencia y disciplina regulatoria. <\/p><p>Gestionamos cada env\u00edo con un estricto seguimiento log\u00edstico, desde el lugar de producci\u00f3n hasta el destino final. Esta combinaci\u00f3n de conocimiento del mercado y log\u00edstica pr\u00e1ctica garantiza un suministro fluido y un flujo de carga constante para sus operaciones. <\/p>\t\t\t\t\t\t\t\t<\/div>\n\t\t\t\t<div class=\"elementor-element elementor-element-8fccf48 elementor-hidden-desktop elementor-hidden-tablet elementor-hidden-mobile elementor-widget elementor-widget-button\" data-id=\"8fccf48\" data-element_type=\"widget\" data-e-type=\"widget\" data-widget_type=\"button.default\">\n\t\t\t\t\t\t\t\t\t\t<a class=\"elementor-button elementor-button-link elementor-size-sm\" href=\"#care\">\n\t\t\t\t\t\t<span class=\"elementor-button-content-wrapper\">\n\t\t\t\t\t\t<span class=\"elementor-button-icon\">\n\t\t\t\t<svg aria-hidden=\"true\" class=\"e-font-icon-svg e-fas-long-arrow-alt-right\" viewBox=\"0 0 448 512\" xmlns=\"http:\/\/www.w3.org\/2000\/svg\"><path d=\"M313.941 216H12c-6.627 0-12 5.373-12 12v56c0 6.627 5.373 12 12 12h301.941v46.059c0 21.382 25.851 32.09 40.971 16.971l86.059-86.059c9.373-9.373 9.373-24.569 0-33.941l-86.059-86.059c-15.119-15.119-40.971-4.411-40.971 16.971V216z\"><\/path><\/svg>\t\t\t<\/span>\n\t\t\t\t\t\t\t\t\t<span class=\"elementor-button-text\">Descubra productos relacionados<\/span>\n\t\t\t\t\t<\/span>\n\t\t\t\t\t<\/a>\n\t\t\t\t\t\t\t\t<\/div>\n\t\t\t\t<\/div>\n\t\t\t\t\t<\/div>\n\t\t\t\t<\/div>\n\t\t<div data-particle_enable=\"false\" data-particle-mobile-disabled=\"false\" class=\"elementor-element elementor-element-300adb2 e-flex e-con-boxed e-con e-parent\" data-id=\"300adb2\" data-element_type=\"container\" data-e-type=\"container\">\n\t\t\t\t\t<div class=\"e-con-inner\">\n\t\t<div data-particle_enable=\"false\" data-particle-mobile-disabled=\"false\" class=\"elementor-element elementor-element-f8800e1 e-con-full e-flex e-con e-child\" data-id=\"f8800e1\" data-element_type=\"container\" data-e-type=\"container\">\n\t\t\t\t<div class=\"elementor-element elementor-element-cd97fe6 elementor-widget elementor-widget-image\" data-id=\"cd97fe6\" data-element_type=\"widget\" data-e-type=\"widget\" data-widget_type=\"image.default\">\n\t\t\t\t\t\t\t\t\t\t\t\t\t\t\t<img fetchpriority=\"high\" decoding=\"async\" width=\"2560\" height=\"1400\" src=\"https:\/\/reusetrading.be\/wp-content\/uploads\/2026\/03\/Reuse-Trading_Soap.jpg\" class=\"attachment-full size-full wp-image-1518\" alt=\"\" srcset=\"https:\/\/reusetrading.be\/wp-content\/uploads\/2026\/03\/Reuse-Trading_Soap.jpg 2560w, https:\/\/reusetrading.be\/wp-content\/uploads\/2026\/03\/Reuse-Trading_Soap-300x164.jpg 300w, https:\/\/reusetrading.be\/wp-content\/uploads\/2026\/03\/Reuse-Trading_Soap-1024x560.jpg 1024w, https:\/\/reusetrading.be\/wp-content\/uploads\/2026\/03\/Reuse-Trading_Soap-768x420.jpg 768w, https:\/\/reusetrading.be\/wp-content\/uploads\/2026\/03\/Reuse-Trading_Soap-1536x840.jpg 1536w, https:\/\/reusetrading.be\/wp-content\/uploads\/2026\/03\/Reuse-Trading_Soap-2048x1120.jpg 2048w\" sizes=\"(max-width: 2560px) 100vw, 2560px\" \/>\t\t\t\t\t\t\t\t\t\t\t\t\t\t\t<\/div>\n\t\t\t\t<\/div>\n\t\t\t\t\t<\/div>\n\t\t\t\t<\/div>\n\t\t<div data-particle_enable=\"false\" data-particle-mobile-disabled=\"false\" class=\"elementor-element elementor-element-8e2994e elementor-hidden-desktop elementor-hidden-tablet elementor-hidden-mobile e-flex e-con-boxed e-con e-parent\" data-id=\"8e2994e\" data-element_type=\"container\" data-e-type=\"container\" id=\"care\">\n\t\t\t\t\t<div class=\"e-con-inner\">\n\t\t<div data-particle_enable=\"false\" data-particle-mobile-disabled=\"false\" class=\"elementor-element elementor-element-241177c e-con-full e-flex e-con e-child\" data-id=\"241177c\" data-element_type=\"container\" data-e-type=\"container\">\n\t\t\t\t<div class=\"elementor-element elementor-element-82dff51 elementor-widget elementor-widget-heading\" data-id=\"82dff51\" data-element_type=\"widget\" data-e-type=\"widget\" data-widget_type=\"heading.default\">\n\t\t\t\t\t<h2 class=\"elementor-heading-title elementor-size-default\">Productos relacionados<\/h2>\t\t\t\t<\/div>\n\t\t\t\t<div class=\"elementor-element elementor-element-6111a70 elementor-icon-list--layout-traditional elementor-list-item-link-full_width elementor-widget elementor-widget-icon-list\" data-id=\"6111a70\" data-element_type=\"widget\" data-e-type=\"widget\" data-widget_type=\"icon-list.default\">\n\t\t\t\t\t\t\t<ul class=\"elementor-icon-list-items\">\n\t\t\t\t\t\t\t<li class=\"elementor-icon-list-item\">\n\t\t\t\t\t\t\t\t\t\t\t<span class=\"elementor-icon-list-icon\">\n\t\t\t\t\t\t\t<svg xmlns=\"http:\/\/www.w3.org\/2000\/svg\" id=\"Laag_1\" data-name=\"Laag 1\" width=\"486.71mm\" height=\"404.4mm\" viewBox=\"0 0 1379.66 1146.34\"><defs><style>      .cls-1 {        fill: #81c8e4;      }    <\/style><\/defs><polygon class=\"cls-1\" points=\"0 0 371.75 914.59 1379.66 1146.34 914.59 231.76 0 0\"><\/polygon><\/svg>\t\t\t\t\t\t<\/span>\n\t\t\t\t\t\t\t\t\t\t<span class=\"elementor-icon-list-text\">\u00c1cidos grasos de coco<\/span>\n\t\t\t\t\t\t\t\t\t<\/li>\n\t\t\t\t\t\t\t\t<li class=\"elementor-icon-list-item\">\n\t\t\t\t\t\t\t\t\t\t\t<span class=\"elementor-icon-list-icon\">\n\t\t\t\t\t\t\t<svg xmlns=\"http:\/\/www.w3.org\/2000\/svg\" id=\"Laag_1\" data-name=\"Laag 1\" width=\"486.71mm\" height=\"404.4mm\" viewBox=\"0 0 1379.66 1146.34\"><defs><style>      .cls-1 {        fill: #81c8e4;      }    <\/style><\/defs><polygon class=\"cls-1\" points=\"0 0 371.75 914.59 1379.66 1146.34 914.59 231.76 0 0\"><\/polygon><\/svg>\t\t\t\t\t\t<\/span>\n\t\t\t\t\t\t\t\t\t\t<span class=\"elementor-icon-list-text\">\u00c1cido l\u00e1urico<\/span>\n\t\t\t\t\t\t\t\t\t<\/li>\n\t\t\t\t\t\t<\/ul>\n\t\t\t\t\t\t<\/div>\n\t\t\t\t<div class=\"elementor-element elementor-element-c42235f elementor-icon-list--layout-traditional elementor-list-item-link-full_width elementor-widget elementor-widget-icon-list\" data-id=\"c42235f\" data-element_type=\"widget\" data-e-type=\"widget\" data-widget_type=\"icon-list.default\">\n\t\t\t\t\t\t\t<ul class=\"elementor-icon-list-items\">\n\t\t\t\t\t\t\t<li class=\"elementor-icon-list-item\">\n\t\t\t\t\t\t\t\t\t\t\t<span class=\"elementor-icon-list-icon\">\n\t\t\t\t\t\t\t<svg xmlns=\"http:\/\/www.w3.org\/2000\/svg\" id=\"Laag_1\" data-name=\"Laag 1\" width=\"486.71mm\" height=\"404.4mm\" viewBox=\"0 0 1379.66 1146.34\"><defs><style>      .cls-1 {        fill: #81c8e4;      }    <\/style><\/defs><polygon class=\"cls-1\" points=\"0 0 371.75 914.59 1379.66 1146.34 914.59 231.76 0 0\"><\/polygon><\/svg>\t\t\t\t\t\t<\/span>\n\t\t\t\t\t\t\t\t\t\t<span class=\"elementor-icon-list-text\">Destilado de \u00e1cidos grasos de palma<\/span>\n\t\t\t\t\t\t\t\t\t<\/li>\n\t\t\t\t\t\t\t\t<li class=\"elementor-icon-list-item\">\n\t\t\t\t\t\t\t\t\t\t\t<span class=\"elementor-icon-list-icon\">\n\t\t\t\t\t\t\t<svg xmlns=\"http:\/\/www.w3.org\/2000\/svg\" id=\"Laag_1\" data-name=\"Laag 1\" width=\"486.71mm\" height=\"404.4mm\" viewBox=\"0 0 1379.66 1146.34\"><defs><style>      .cls-1 {        fill: #81c8e4;      }    <\/style><\/defs><polygon class=\"cls-1\" points=\"0 0 371.75 914.59 1379.66 1146.34 914.59 231.76 0 0\"><\/polygon><\/svg>\t\t\t\t\t\t<\/span>\n\t\t\t\t\t\t\t\t\t\t<span class=\"elementor-icon-list-text\">Destilado de \u00e1cidos grasos de palmiste<\/span>\n\t\t\t\t\t\t\t\t\t<\/li>\n\t\t\t\t\t\t<\/ul>\n\t\t\t\t\t\t<\/div>\n\t\t\t\t<\/div>\n\t\t\t\t\t<\/div>\n\t\t\t\t<\/div>\n\t\t\t\t<\/div>\n\t\t","protected":false},"excerpt":{"rendered":"<p>Cuidado personal y del hogar Obtenemos materias primas fiables de m\u00faltiples or\u00edgenes globales. Nuestro equipo sigue de cerca los movimientos del mercado y selecciona proveedores con un s\u00f3lido historial en pureza, consistencia y disciplina regulatoria. Gestionamos cada env\u00edo con un estricto seguimiento log\u00edstico, desde el lugar de producci\u00f3n hasta el destino final. Esta combinaci\u00f3n de [&hellip;]<\/p>\n","protected":false},"author":1,"featured_media":1592,"parent":1558,"menu_order":0,"comment_status":"closed","ping_status":"closed","template":"elementor_header_footer","meta":{"footnotes":""},"class_list":["post-1591","page","type-page","status-publish","has-post-thumbnail","hentry"],"yoast_head":"<!-- This site is optimized with the Yoast SEO plugin v27.6 - https:\/\/yoast.com\/product\/yoast-seo-wordpress\/ -->\n<title>Cuidado personal y del hogar | Reuse Trading<\/title>\n<meta name=\"description\" content=\"Reuse Trading suministra materias primas qu\u00edmicas para productos de cuidado personal y del hogar, procedentes de productores globales de confianza.\" \/>\n<meta name=\"robots\" content=\"index, follow, max-snippet:-1, max-image-preview:large, max-video-preview:-1\" \/>\n<link rel=\"canonical\" href=\"https:\/\/reusetrading.be\/es\/productos\/productos-quimicos\/cuidado-personal-y-del-hogar\/\" \/>\n<meta property=\"og:locale\" content=\"es_ES\" \/>\n<meta property=\"og:type\" content=\"article\" \/>\n<meta property=\"og:title\" content=\"Cuidado personal y del hogar | Reuse Trading\" \/>\n<meta property=\"og:description\" content=\"Reuse Trading suministra materias primas qu\u00edmicas para productos de cuidado personal y del hogar, procedentes de productores globales de confianza.\" \/>\n<meta property=\"og:url\" content=\"https:\/\/reusetrading.be\/es\/productos\/productos-quimicos\/cuidado-personal-y-del-hogar\/\" \/>\n<meta property=\"og:site_name\" content=\"Reuse Trading\" \/>\n<meta property=\"article:modified_time\" content=\"2026-04-29T06:27:40+00:00\" \/>\n<meta property=\"og:image\" content=\"https:\/\/reusetrading.be\/wp-content\/uploads\/2026\/03\/Reuse_Trading_Homepersonalcare.jpg\" \/>\n\t<meta property=\"og:image:width\" content=\"2040\" \/>\n\t<meta property=\"og:image:height\" content=\"1361\" \/>\n\t<meta property=\"og:image:type\" content=\"image\/jpeg\" \/>\n<meta name=\"twitter:card\" content=\"summary_large_image\" \/>\n<meta name=\"twitter:label1\" content=\"Tiempo de lectura\" \/>\n\t<meta name=\"twitter:data1\" content=\"1 minuto\" \/>\n<script type=\"application\/ld+json\" class=\"yoast-schema-graph\">{\"@context\":\"https:\\\/\\\/schema.org\",\"@graph\":[{\"@type\":\"WebPage\",\"@id\":\"https:\\\/\\\/reusetrading.be\\\/es\\\/productos\\\/productos-quimicos\\\/cuidado-personal-y-del-hogar\\\/\",\"url\":\"https:\\\/\\\/reusetrading.be\\\/es\\\/productos\\\/productos-quimicos\\\/cuidado-personal-y-del-hogar\\\/\",\"name\":\"Cuidado personal y del hogar | Reuse Trading\",\"isPartOf\":{\"@id\":\"https:\\\/\\\/reusetrading.be\\\/es\\\/#website\"},\"primaryImageOfPage\":{\"@id\":\"https:\\\/\\\/reusetrading.be\\\/es\\\/productos\\\/productos-quimicos\\\/cuidado-personal-y-del-hogar\\\/#primaryimage\"},\"image\":{\"@id\":\"https:\\\/\\\/reusetrading.be\\\/es\\\/productos\\\/productos-quimicos\\\/cuidado-personal-y-del-hogar\\\/#primaryimage\"},\"thumbnailUrl\":\"https:\\\/\\\/reusetrading.be\\\/wp-content\\\/uploads\\\/2026\\\/03\\\/Reuse_Trading_Homepersonalcare.jpg\",\"datePublished\":\"2026-03-11T11:16:31+00:00\",\"dateModified\":\"2026-04-29T06:27:40+00:00\",\"description\":\"Reuse Trading suministra materias primas qu\u00edmicas para productos de cuidado personal y del hogar, procedentes de productores globales de confianza.\",\"breadcrumb\":{\"@id\":\"https:\\\/\\\/reusetrading.be\\\/es\\\/productos\\\/productos-quimicos\\\/cuidado-personal-y-del-hogar\\\/#breadcrumb\"},\"inLanguage\":\"es\",\"potentialAction\":[{\"@type\":\"ReadAction\",\"target\":[\"https:\\\/\\\/reusetrading.be\\\/es\\\/productos\\\/productos-quimicos\\\/cuidado-personal-y-del-hogar\\\/\"]}]},{\"@type\":\"ImageObject\",\"inLanguage\":\"es\",\"@id\":\"https:\\\/\\\/reusetrading.be\\\/es\\\/productos\\\/productos-quimicos\\\/cuidado-personal-y-del-hogar\\\/#primaryimage\",\"url\":\"https:\\\/\\\/reusetrading.be\\\/wp-content\\\/uploads\\\/2026\\\/03\\\/Reuse_Trading_Homepersonalcare.jpg\",\"contentUrl\":\"https:\\\/\\\/reusetrading.be\\\/wp-content\\\/uploads\\\/2026\\\/03\\\/Reuse_Trading_Homepersonalcare.jpg\",\"width\":2040,\"height\":1361},{\"@type\":\"BreadcrumbList\",\"@id\":\"https:\\\/\\\/reusetrading.be\\\/es\\\/productos\\\/productos-quimicos\\\/cuidado-personal-y-del-hogar\\\/#breadcrumb\",\"itemListElement\":[{\"@type\":\"ListItem\",\"position\":1,\"name\":\"Inicio\",\"item\":\"https:\\\/\\\/reusetrading.be\\\/es\\\/inicio\\\/\"},{\"@type\":\"ListItem\",\"position\":2,\"name\":\"Productos\",\"item\":\"https:\\\/\\\/reusetrading.be\\\/es\\\/productos\\\/\"},{\"@type\":\"ListItem\",\"position\":3,\"name\":\"Productos qu\u00edmicos\",\"item\":\"https:\\\/\\\/reusetrading.be\\\/es\\\/productos\\\/productos-quimicos\\\/\"},{\"@type\":\"ListItem\",\"position\":4,\"name\":\"Cuidado personal y del hogar\"}]},{\"@type\":\"WebSite\",\"@id\":\"https:\\\/\\\/reusetrading.be\\\/es\\\/#website\",\"url\":\"https:\\\/\\\/reusetrading.be\\\/es\\\/\",\"name\":\"Reuse Trading\",\"description\":\"\",\"potentialAction\":[{\"@type\":\"SearchAction\",\"target\":{\"@type\":\"EntryPoint\",\"urlTemplate\":\"https:\\\/\\\/reusetrading.be\\\/es\\\/?s={search_term_string}\"},\"query-input\":{\"@type\":\"PropertyValueSpecification\",\"valueRequired\":true,\"valueName\":\"search_term_string\"}}],\"inLanguage\":\"es\"}]}<\/script>\n<!-- \/ Yoast SEO plugin. -->","yoast_head_json":{"title":"Cuidado personal y del hogar | Reuse Trading","description":"Reuse Trading suministra materias primas qu\u00edmicas para productos de cuidado personal y del hogar, procedentes de productores globales de confianza.","robots":{"index":"index","follow":"follow","max-snippet":"max-snippet:-1","max-image-preview":"max-image-preview:large","max-video-preview":"max-video-preview:-1"},"canonical":"https:\/\/reusetrading.be\/es\/productos\/productos-quimicos\/cuidado-personal-y-del-hogar\/","og_locale":"es_ES","og_type":"article","og_title":"Cuidado personal y del hogar | Reuse Trading","og_description":"Reuse Trading suministra materias primas qu\u00edmicas para productos de cuidado personal y del hogar, procedentes de productores globales de confianza.","og_url":"https:\/\/reusetrading.be\/es\/productos\/productos-quimicos\/cuidado-personal-y-del-hogar\/","og_site_name":"Reuse Trading","article_modified_time":"2026-04-29T06:27:40+00:00","og_image":[{"width":2040,"height":1361,"url":"https:\/\/reusetrading.be\/wp-content\/uploads\/2026\/03\/Reuse_Trading_Homepersonalcare.jpg","type":"image\/jpeg"}],"twitter_card":"summary_large_image","twitter_misc":{"Tiempo de lectura":"1 minuto"},"schema":{"@context":"https:\/\/schema.org","@graph":[{"@type":"WebPage","@id":"https:\/\/reusetrading.be\/es\/productos\/productos-quimicos\/cuidado-personal-y-del-hogar\/","url":"https:\/\/reusetrading.be\/es\/productos\/productos-quimicos\/cuidado-personal-y-del-hogar\/","name":"Cuidado personal y del hogar | Reuse Trading","isPartOf":{"@id":"https:\/\/reusetrading.be\/es\/#website"},"primaryImageOfPage":{"@id":"https:\/\/reusetrading.be\/es\/productos\/productos-quimicos\/cuidado-personal-y-del-hogar\/#primaryimage"},"image":{"@id":"https:\/\/reusetrading.be\/es\/productos\/productos-quimicos\/cuidado-personal-y-del-hogar\/#primaryimage"},"thumbnailUrl":"https:\/\/reusetrading.be\/wp-content\/uploads\/2026\/03\/Reuse_Trading_Homepersonalcare.jpg","datePublished":"2026-03-11T11:16:31+00:00","dateModified":"2026-04-29T06:27:40+00:00","description":"Reuse Trading suministra materias primas qu\u00edmicas para productos de cuidado personal y del hogar, procedentes de productores globales de confianza.","breadcrumb":{"@id":"https:\/\/reusetrading.be\/es\/productos\/productos-quimicos\/cuidado-personal-y-del-hogar\/#breadcrumb"},"inLanguage":"es","potentialAction":[{"@type":"ReadAction","target":["https:\/\/reusetrading.be\/es\/productos\/productos-quimicos\/cuidado-personal-y-del-hogar\/"]}]},{"@type":"ImageObject","inLanguage":"es","@id":"https:\/\/reusetrading.be\/es\/productos\/productos-quimicos\/cuidado-personal-y-del-hogar\/#primaryimage","url":"https:\/\/reusetrading.be\/wp-content\/uploads\/2026\/03\/Reuse_Trading_Homepersonalcare.jpg","contentUrl":"https:\/\/reusetrading.be\/wp-content\/uploads\/2026\/03\/Reuse_Trading_Homepersonalcare.jpg","width":2040,"height":1361},{"@type":"BreadcrumbList","@id":"https:\/\/reusetrading.be\/es\/productos\/productos-quimicos\/cuidado-personal-y-del-hogar\/#breadcrumb","itemListElement":[{"@type":"ListItem","position":1,"name":"Inicio","item":"https:\/\/reusetrading.be\/es\/inicio\/"},{"@type":"ListItem","position":2,"name":"Productos","item":"https:\/\/reusetrading.be\/es\/productos\/"},{"@type":"ListItem","position":3,"name":"Productos qu\u00edmicos","item":"https:\/\/reusetrading.be\/es\/productos\/productos-quimicos\/"},{"@type":"ListItem","position":4,"name":"Cuidado personal y del hogar"}]},{"@type":"WebSite","@id":"https:\/\/reusetrading.be\/es\/#website","url":"https:\/\/reusetrading.be\/es\/","name":"Reuse Trading","description":"","potentialAction":[{"@type":"SearchAction","target":{"@type":"EntryPoint","urlTemplate":"https:\/\/reusetrading.be\/es\/?s={search_term_string}"},"query-input":{"@type":"PropertyValueSpecification","valueRequired":true,"valueName":"search_term_string"}}],"inLanguage":"es"}]}},"_links":{"self":[{"href":"https:\/\/reusetrading.be\/es\/wp-json\/wp\/v2\/pages\/1591","targetHints":{"allow":["GET"]}}],"collection":[{"href":"https:\/\/reusetrading.be\/es\/wp-json\/wp\/v2\/pages"}],"about":[{"href":"https:\/\/reusetrading.be\/es\/wp-json\/wp\/v2\/types\/page"}],"author":[{"embeddable":true,"href":"https:\/\/reusetrading.be\/es\/wp-json\/wp\/v2\/users\/1"}],"replies":[{"embeddable":true,"href":"https:\/\/reusetrading.be\/es\/wp-json\/wp\/v2\/comments?post=1591"}],"version-history":[{"count":1,"href":"https:\/\/reusetrading.be\/es\/wp-json\/wp\/v2\/pages\/1591\/revisions"}],"predecessor-version":[{"id":1599,"href":"https:\/\/reusetrading.be\/es\/wp-json\/wp\/v2\/pages\/1591\/revisions\/1599"}],"up":[{"embeddable":true,"href":"https:\/\/reusetrading.be\/es\/wp-json\/wp\/v2\/pages\/1558"}],"wp:featuredmedia":[{"embeddable":true,"href":"https:\/\/reusetrading.be\/es\/wp-json\/wp\/v2\/media\/1592"}],"wp:attachment":[{"href":"https:\/\/reusetrading.be\/es\/wp-json\/wp\/v2\/media?parent=1591"}],"curies":[{"name":"wp","href":"https:\/\/api.w.org\/{rel}","templated":true}]}}