{"id":1312,"date":"2026-03-18T11:06:14","date_gmt":"2026-03-18T11:06:14","guid":{"rendered":"https:\/\/reusetrading.be\/coordinateurtrice-trade-latam\/"},"modified":"2026-04-29T07:48:42","modified_gmt":"2026-04-29T07:48:42","slug":"coordinateurtrice-trade-latam","status":"publish","type":"page","link":"https:\/\/reusetrading.be\/fr\/carrieres\/coordinateurtrice-trade-latam\/","title":{"rendered":"Coordinateur(trice) Trade LATAM"},"content":{"rendered":"\t\t<div data-elementor-type=\"wp-page\" data-elementor-id=\"1312\" class=\"elementor elementor-1312 elementor-1023\" data-elementor-post-type=\"page\">\n\t\t\t\t<div data-particle_enable=\"false\" data-particle-mobile-disabled=\"false\" class=\"elementor-element elementor-element-186b280 e-flex e-con-boxed e-con e-parent\" data-id=\"186b280\" data-element_type=\"container\" data-e-type=\"container\">\n\t\t\t\t\t<div class=\"e-con-inner\">\n\t\t<div data-particle_enable=\"false\" data-particle-mobile-disabled=\"false\" class=\"elementor-element elementor-element-59677d6 e-con-full e-flex e-con e-child\" data-id=\"59677d6\" data-element_type=\"container\" data-e-type=\"container\" data-settings=\"{&quot;background_background&quot;:&quot;classic&quot;}\">\n\t\t\t\t<\/div>\n\t\t\t\t\t<\/div>\n\t\t\t\t<\/div>\n\t\t<div data-particle_enable=\"false\" data-particle-mobile-disabled=\"false\" class=\"elementor-element elementor-element-379c126 e-flex e-con-boxed e-con e-parent\" data-id=\"379c126\" data-element_type=\"container\" data-e-type=\"container\">\n\t\t\t\t\t<div class=\"e-con-inner\">\n\t\t<div data-particle_enable=\"false\" data-particle-mobile-disabled=\"false\" class=\"elementor-element elementor-element-4f06cd1 e-con-full e-flex e-con e-child\" data-id=\"4f06cd1\" data-element_type=\"container\" data-e-type=\"container\">\n\t\t\t\t<div class=\"elementor-element elementor-element-22c41fd elementor-icon-list--layout-inline elementor-widget__width-inherit elementor-list-item-link-full_width elementor-widget elementor-widget-icon-list\" data-id=\"22c41fd\" data-element_type=\"widget\" data-e-type=\"widget\" data-widget_type=\"icon-list.default\">\n\t\t\t\t\t\t\t<ul class=\"elementor-icon-list-items elementor-inline-items\">\n\t\t\t\t\t\t\t<li class=\"elementor-icon-list-item elementor-inline-item\">\n\t\t\t\t\t\t\t\t\t\t\t<span class=\"elementor-icon-list-icon\">\n\t\t\t\t\t\t\t<svg aria-hidden=\"true\" class=\"e-font-icon-svg e-fas-map-marker-alt\" viewBox=\"0 0 384 512\" xmlns=\"http:\/\/www.w3.org\/2000\/svg\"><path d=\"M172.268 501.67C26.97 291.031 0 269.413 0 192 0 85.961 85.961 0 192 0s192 85.961 192 192c0 77.413-26.97 99.031-172.268 309.67-9.535 13.774-29.93 13.773-39.464 0zM192 272c44.183 0 80-35.817 80-80s-35.817-80-80-80-80 35.817-80 80 35.817 80 80 80z\"><\/path><\/svg>\t\t\t\t\t\t<\/span>\n\t\t\t\t\t\t\t\t\t\t<span class=\"elementor-icon-list-text\">Belgique<\/span>\n\t\t\t\t\t\t\t\t\t<\/li>\n\t\t\t\t\t\t\t\t<li class=\"elementor-icon-list-item elementor-inline-item\">\n\t\t\t\t\t\t\t\t\t\t\t<span class=\"elementor-icon-list-icon\">\n\t\t\t\t\t\t\t<svg aria-hidden=\"true\" class=\"e-font-icon-svg e-fas-clock\" viewBox=\"0 0 512 512\" xmlns=\"http:\/\/www.w3.org\/2000\/svg\"><path d=\"M256,8C119,8,8,119,8,256S119,504,256,504,504,393,504,256,393,8,256,8Zm92.49,313h0l-20,25a16,16,0,0,1-22.49,2.5h0l-67-49.72a40,40,0,0,1-15-31.23V112a16,16,0,0,1,16-16h32a16,16,0,0,1,16,16V256l58,42.5A16,16,0,0,1,348.49,321Z\"><\/path><\/svg>\t\t\t\t\t\t<\/span>\n\t\t\t\t\t\t\t\t\t\t<span class=\"elementor-icon-list-text\">En ligne depuis le 18\/03\/2025<\/span>\n\t\t\t\t\t\t\t\t\t<\/li>\n\t\t\t\t\t\t<\/ul>\n\t\t\t\t\t\t<\/div>\n\t\t\t\t<div class=\"elementor-element elementor-element-87bd97e elementor-widget elementor-widget-text-editor\" data-id=\"87bd97e\" data-element_type=\"widget\" data-e-type=\"widget\" data-widget_type=\"text-editor.default\">\n\t\t\t\t\t\t\t\t\tEn tant que Coordinateur(trice) Trade LATAM chez Reuse Trading, vous \u00e9voluerez dans un environnement dynamique, en pleine croissance et ax\u00e9 sur l\u2019humain. Avec vos coll\u00e8gues, vous aurez une vue privil\u00e9gi\u00e9e des flux du commerce mondial et g\u00e9rerez \u00e0 la fois les cycles op\u00e9rationnels et administratifs. Cela implique d\u2019\u00eatre en contact avec nos traders, nos clients et nos partenaires \u00e0 l\u2019\u00e9tranger afin de garantir le bon d\u00e9roulement de nos op\u00e9rations commerciales.  \n\t\t\t\t\t\t\t\t<\/div>\n\t\t\t\t<div class=\"elementor-element elementor-element-994c852 elementor-widget elementor-widget-heading\" data-id=\"994c852\" data-element_type=\"widget\" data-e-type=\"widget\" data-widget_type=\"heading.default\">\n\t\t\t\t\t<h5 class=\"elementor-heading-title elementor-size-default\">Description du poste\n<\/h5>\t\t\t\t<\/div>\n\t\t\t\t<div class=\"elementor-element elementor-element-3a21545 elementor-icon-list--layout-traditional elementor-list-item-link-full_width elementor-widget elementor-widget-icon-list\" data-id=\"3a21545\" data-element_type=\"widget\" data-e-type=\"widget\" data-widget_type=\"icon-list.default\">\n\t\t\t\t\t\t\t<ul class=\"elementor-icon-list-items\">\n\t\t\t\t\t\t\t<li class=\"elementor-icon-list-item\">\n\t\t\t\t\t\t\t\t\t\t\t<span class=\"elementor-icon-list-icon\">\n\t\t\t\t\t\t\t<svg xmlns=\"http:\/\/www.w3.org\/2000\/svg\" id=\"Laag_1\" data-name=\"Laag 1\" width=\"486.71mm\" height=\"404.4mm\" viewBox=\"0 0 1379.66 1146.34\"><defs><style>      .cls-1 {        fill: #81c8e4;      }    <\/style><\/defs><polygon class=\"cls-1\" points=\"0 0 371.75 914.59 1379.66 1146.34 914.59 231.76 0 0\"><\/polygon><\/svg>\t\t\t\t\t\t<\/span>\n\t\t\t\t\t\t\t\t\t\t<span class=\"elementor-icon-list-text\">Vous r\u00e9digerez les contrats d\u2019achat et de vente<\/span>\n\t\t\t\t\t\t\t\t\t<\/li>\n\t\t\t\t\t\t\t\t<li class=\"elementor-icon-list-item\">\n\t\t\t\t\t\t\t\t\t\t\t<span class=\"elementor-icon-list-icon\">\n\t\t\t\t\t\t\t<svg xmlns=\"http:\/\/www.w3.org\/2000\/svg\" id=\"Laag_1\" data-name=\"Laag 1\" width=\"486.71mm\" height=\"404.4mm\" viewBox=\"0 0 1379.66 1146.34\"><defs><style>      .cls-1 {        fill: #81c8e4;      }    <\/style><\/defs><polygon class=\"cls-1\" points=\"0 0 371.75 914.59 1379.66 1146.34 914.59 231.76 0 0\"><\/polygon><\/svg>\t\t\t\t\t\t<\/span>\n\t\t\t\t\t\t\t\t\t\t<span class=\"elementor-icon-list-text\">Vous g\u00e9rerez le processus op\u00e9rationnel de bout en bout : des r\u00e9servations aupr\u00e8s des compagnies maritimes jusqu\u2019\u00e0 la facturation finale de vos propres dossiers<\/span>\n\t\t\t\t\t\t\t\t\t<\/li>\n\t\t\t\t\t\t\t\t<li class=\"elementor-icon-list-item\">\n\t\t\t\t\t\t\t\t\t\t\t<span class=\"elementor-icon-list-icon\">\n\t\t\t\t\t\t\t<svg xmlns=\"http:\/\/www.w3.org\/2000\/svg\" id=\"Laag_1\" data-name=\"Laag 1\" width=\"486.71mm\" height=\"404.4mm\" viewBox=\"0 0 1379.66 1146.34\"><defs><style>      .cls-1 {        fill: #81c8e4;      }    <\/style><\/defs><polygon class=\"cls-1\" points=\"0 0 371.75 914.59 1379.66 1146.34 914.59 231.76 0 0\"><\/polygon><\/svg>\t\t\t\t\t\t<\/span>\n\t\t\t\t\t\t\t\t\t\t<span class=\"elementor-icon-list-text\">Vous ferez le lien entre toutes les parties prenantes et serez en contact quotidien avec les clients, les partenaires \u00e0 l\u2019\u00e9tranger et les institutions<\/span>\n\t\t\t\t\t\t\t\t\t<\/li>\n\t\t\t\t\t\t\t\t<li class=\"elementor-icon-list-item\">\n\t\t\t\t\t\t\t\t\t\t\t<span class=\"elementor-icon-list-icon\">\n\t\t\t\t\t\t\t<svg xmlns=\"http:\/\/www.w3.org\/2000\/svg\" id=\"Laag_1\" data-name=\"Laag 1\" width=\"486.71mm\" height=\"404.4mm\" viewBox=\"0 0 1379.66 1146.34\"><defs><style>      .cls-1 {        fill: #81c8e4;      }    <\/style><\/defs><polygon class=\"cls-1\" points=\"0 0 371.75 914.59 1379.66 1146.34 914.59 231.76 0 0\"><\/polygon><\/svg>\t\t\t\t\t\t<\/span>\n\t\t\t\t\t\t\t\t\t\t<span class=\"elementor-icon-list-text\">Vous veillerez \u00e0 la pr\u00e9paration et \u00e0 l\u2019envoi dans les d\u00e9lais de tous les documents n\u00e9cessaires<\/span>\n\t\t\t\t\t\t\t\t\t<\/li>\n\t\t\t\t\t\t\t\t<li class=\"elementor-icon-list-item\">\n\t\t\t\t\t\t\t\t\t\t\t<span class=\"elementor-icon-list-icon\">\n\t\t\t\t\t\t\t<svg xmlns=\"http:\/\/www.w3.org\/2000\/svg\" id=\"Laag_1\" data-name=\"Laag 1\" width=\"486.71mm\" height=\"404.4mm\" viewBox=\"0 0 1379.66 1146.34\"><defs><style>      .cls-1 {        fill: #81c8e4;      }    <\/style><\/defs><polygon class=\"cls-1\" points=\"0 0 371.75 914.59 1379.66 1146.34 914.59 231.76 0 0\"><\/polygon><\/svg>\t\t\t\t\t\t<\/span>\n\t\t\t\t\t\t\t\t\t\t<span class=\"elementor-icon-list-text\">Vous \u00eates un point de contact fiable pour les clients et les accompagnez tout au long du processus logistique<\/span>\n\t\t\t\t\t\t\t\t\t<\/li>\n\t\t\t\t\t\t<\/ul>\n\t\t\t\t\t\t<\/div>\n\t\t\t\t<\/div>\n\t\t<div data-particle_enable=\"false\" data-particle-mobile-disabled=\"false\" class=\"elementor-element elementor-element-7450a92 e-con-full e-flex e-con e-child\" data-id=\"7450a92\" data-element_type=\"container\" data-e-type=\"container\">\n\t\t\t\t<div class=\"elementor-element elementor-element-13a0743 elementor-widget elementor-widget-image\" data-id=\"13a0743\" data-element_type=\"widget\" data-e-type=\"widget\" data-widget_type=\"image.default\">\n\t\t\t\t\t\t\t\t\t\t\t\t\t\t\t<img fetchpriority=\"high\" decoding=\"async\" width=\"800\" height=\"534\" src=\"https:\/\/reusetrading.be\/wp-content\/uploads\/2026\/03\/Reuse_careers-1024x683.jpg\" class=\"attachment-large size-large wp-image-1220\" alt=\"\" srcset=\"https:\/\/reusetrading.be\/wp-content\/uploads\/2026\/03\/Reuse_careers-1024x683.jpg 1024w, https:\/\/reusetrading.be\/wp-content\/uploads\/2026\/03\/Reuse_careers-300x200.jpg 300w, https:\/\/reusetrading.be\/wp-content\/uploads\/2026\/03\/Reuse_careers-768x512.jpg 768w, https:\/\/reusetrading.be\/wp-content\/uploads\/2026\/03\/Reuse_careers-1536x1024.jpg 1536w, https:\/\/reusetrading.be\/wp-content\/uploads\/2026\/03\/Reuse_careers.jpg 2040w\" sizes=\"(max-width: 800px) 100vw, 800px\" \/>\t\t\t\t\t\t\t\t\t\t\t\t\t\t\t<\/div>\n\t\t\t\t<\/div>\n\t\t\t\t\t<\/div>\n\t\t\t\t<\/div>\n\t\t<div data-particle_enable=\"false\" data-particle-mobile-disabled=\"false\" class=\"elementor-element elementor-element-faeaa08 e-flex e-con-boxed e-con e-parent\" data-id=\"faeaa08\" data-element_type=\"container\" data-e-type=\"container\">\n\t\t\t\t\t<div class=\"e-con-inner\">\n\t\t<div data-particle_enable=\"false\" data-particle-mobile-disabled=\"false\" class=\"elementor-element elementor-element-f758f33 e-con-full e-flex e-con e-child\" data-id=\"f758f33\" data-element_type=\"container\" data-e-type=\"container\">\n\t\t\t\t<div class=\"elementor-element elementor-element-c934d30 elementor-widget elementor-widget-heading\" data-id=\"c934d30\" data-element_type=\"widget\" data-e-type=\"widget\" data-widget_type=\"heading.default\">\n\t\t\t\t\t<h5 class=\"elementor-heading-title elementor-size-default\">Profil\n<\/h5>\t\t\t\t<\/div>\n\t\t\t\t<div class=\"elementor-element elementor-element-de0be10 elementor-icon-list--layout-traditional elementor-list-item-link-full_width elementor-widget elementor-widget-icon-list\" data-id=\"de0be10\" data-element_type=\"widget\" data-e-type=\"widget\" data-widget_type=\"icon-list.default\">\n\t\t\t\t\t\t\t<ul class=\"elementor-icon-list-items\">\n\t\t\t\t\t\t\t<li class=\"elementor-icon-list-item\">\n\t\t\t\t\t\t\t\t\t\t\t<span class=\"elementor-icon-list-icon\">\n\t\t\t\t\t\t\t<svg xmlns=\"http:\/\/www.w3.org\/2000\/svg\" id=\"Laag_1\" data-name=\"Laag 1\" width=\"486.71mm\" height=\"404.4mm\" viewBox=\"0 0 1379.66 1146.34\"><defs><style>      .cls-1 {        fill: #81c8e4;      }    <\/style><\/defs><polygon class=\"cls-1\" points=\"0 0 371.75 914.59 1379.66 1146.34 914.59 231.76 0 0\"><\/polygon><\/svg>\t\t\t\t\t\t<\/span>\n\t\t\t\t\t\t\t\t\t\t<span class=\"elementor-icon-list-text\">Vous \u00eates motiv\u00e9(e), organis\u00e9(e) et capable de travailler de mani\u00e8re autonome, tout en vous \u00e9panouissant dans un environnement d\u2019\u00e9quipe<\/span>\n\t\t\t\t\t\t\t\t\t<\/li>\n\t\t\t\t\t\t\t\t<li class=\"elementor-icon-list-item\">\n\t\t\t\t\t\t\t\t\t\t\t<span class=\"elementor-icon-list-icon\">\n\t\t\t\t\t\t\t<svg xmlns=\"http:\/\/www.w3.org\/2000\/svg\" id=\"Laag_1\" data-name=\"Laag 1\" width=\"486.71mm\" height=\"404.4mm\" viewBox=\"0 0 1379.66 1146.34\"><defs><style>      .cls-1 {        fill: #81c8e4;      }    <\/style><\/defs><polygon class=\"cls-1\" points=\"0 0 371.75 914.59 1379.66 1146.34 914.59 231.76 0 0\"><\/polygon><\/svg>\t\t\t\t\t\t<\/span>\n\t\t\t\t\t\t\t\t\t\t<span class=\"elementor-icon-list-text\">Un dipl\u00f4me en gestion logistique \/ supply chain management ou une exp\u00e9rience \u00e9quivalente<\/span>\n\t\t\t\t\t\t\t\t\t<\/li>\n\t\t\t\t\t\t\t\t<li class=\"elementor-icon-list-item\">\n\t\t\t\t\t\t\t\t\t\t\t<span class=\"elementor-icon-list-icon\">\n\t\t\t\t\t\t\t<svg xmlns=\"http:\/\/www.w3.org\/2000\/svg\" id=\"Laag_1\" data-name=\"Laag 1\" width=\"486.71mm\" height=\"404.4mm\" viewBox=\"0 0 1379.66 1146.34\"><defs><style>      .cls-1 {        fill: #81c8e4;      }    <\/style><\/defs><polygon class=\"cls-1\" points=\"0 0 371.75 914.59 1379.66 1146.34 914.59 231.76 0 0\"><\/polygon><\/svg>\t\t\t\t\t\t<\/span>\n\t\t\t\t\t\t\t\t\t\t<span class=\"elementor-icon-list-text\">Une exp\u00e9rience pr\u00e9alable en tant que charg\u00e9(e) de documentation est un atout<\/span>\n\t\t\t\t\t\t\t\t\t<\/li>\n\t\t\t\t\t\t\t\t<li class=\"elementor-icon-list-item\">\n\t\t\t\t\t\t\t\t\t\t\t<span class=\"elementor-icon-list-icon\">\n\t\t\t\t\t\t\t<svg xmlns=\"http:\/\/www.w3.org\/2000\/svg\" id=\"Laag_1\" data-name=\"Laag 1\" width=\"486.71mm\" height=\"404.4mm\" viewBox=\"0 0 1379.66 1146.34\"><defs><style>      .cls-1 {        fill: #81c8e4;      }    <\/style><\/defs><polygon class=\"cls-1\" points=\"0 0 371.75 914.59 1379.66 1146.34 914.59 231.76 0 0\"><\/polygon><\/svg>\t\t\t\t\t\t<\/span>\n\t\t\t\t\t\t\t\t\t\t<span class=\"elementor-icon-list-text\">Vous communiquez couramment en anglais, en espagnol et en n\u00e9erlandais<\/span>\n\t\t\t\t\t\t\t\t\t<\/li>\n\t\t\t\t\t\t\t\t<li class=\"elementor-icon-list-item\">\n\t\t\t\t\t\t\t\t\t\t\t<span class=\"elementor-icon-list-icon\">\n\t\t\t\t\t\t\t<svg xmlns=\"http:\/\/www.w3.org\/2000\/svg\" id=\"Laag_1\" data-name=\"Laag 1\" width=\"486.71mm\" height=\"404.4mm\" viewBox=\"0 0 1379.66 1146.34\"><defs><style>      .cls-1 {        fill: #81c8e4;      }    <\/style><\/defs><polygon class=\"cls-1\" points=\"0 0 371.75 914.59 1379.66 1146.34 914.59 231.76 0 0\"><\/polygon><\/svg>\t\t\t\t\t\t<\/span>\n\t\t\t\t\t\t\t\t\t\t<span class=\"elementor-icon-list-text\">La connaissance des Incoterms 2020 est un atout<\/span>\n\t\t\t\t\t\t\t\t\t<\/li>\n\t\t\t\t\t\t\t\t<li class=\"elementor-icon-list-item\">\n\t\t\t\t\t\t\t\t\t\t\t<span class=\"elementor-icon-list-icon\">\n\t\t\t\t\t\t\t<svg xmlns=\"http:\/\/www.w3.org\/2000\/svg\" id=\"Laag_1\" data-name=\"Laag 1\" width=\"486.71mm\" height=\"404.4mm\" viewBox=\"0 0 1379.66 1146.34\"><defs><style>      .cls-1 {        fill: #81c8e4;      }    <\/style><\/defs><polygon class=\"cls-1\" points=\"0 0 371.75 914.59 1379.66 1146.34 914.59 231.76 0 0\"><\/polygon><\/svg>\t\t\t\t\t\t<\/span>\n\t\t\t\t\t\t\t\t\t\t<span class=\"elementor-icon-list-text\">Vous adoptez une approche orient\u00e9e client dans l\u2019ex\u00e9cution de vos missions<\/span>\n\t\t\t\t\t\t\t\t\t<\/li>\n\t\t\t\t\t\t<\/ul>\n\t\t\t\t\t\t<\/div>\n\t\t\t\t<\/div>\n\t\t<div data-particle_enable=\"false\" data-particle-mobile-disabled=\"false\" class=\"elementor-element elementor-element-72dc1a5 e-con-full e-flex e-con e-child\" data-id=\"72dc1a5\" data-element_type=\"container\" data-e-type=\"container\">\n\t\t\t\t<div class=\"elementor-element elementor-element-340657b elementor-widget elementor-widget-text-editor\" data-id=\"340657b\" data-element_type=\"widget\" data-e-type=\"widget\" data-widget_type=\"text-editor.default\">\n\t\t\t\t\t\t\t\t\t<p>Reuse Trading NV est une soci\u00e9t\u00e9 de n\u00e9goce internationale sp\u00e9cialis\u00e9e dans les mati\u00e8res premi\u00e8res chimiques et les huiles v\u00e9g\u00e9tales. Nous nous concentrons sur l\u2019Afrique et l\u2019Am\u00e9rique latine, en nous appuyant sur un solide r\u00e9seau logistique. Nous ne suivons pas les sentiers battus, mais recherchons chaque jour des solutions intelligentes sur des march\u00e9s exigeants. R\u00e9sultat : nous figurons parmi les grandes entreprises \u00e0 la croissance la plus rapide \u00e0 Anvers depuis cinq ans. Envie de grandir avec nous ?    <\/p>\t\t\t\t\t\t\t\t<\/div>\n\t\t\t\t<\/div>\n\t\t\t\t\t<\/div>\n\t\t\t\t<\/div>\n\t\t\t\t<\/div>\n\t\t","protected":false},"excerpt":{"rendered":"<p>Belgique En ligne depuis le 18\/03\/2025 En tant que Coordinateur(trice) Trade LATAM chez Reuse Trading, vous \u00e9voluerez dans un environnement dynamique, en pleine croissance et ax\u00e9 sur l\u2019humain. Avec vos coll\u00e8gues, vous aurez une vue privil\u00e9gi\u00e9e des flux du commerce mondial et g\u00e9rerez \u00e0 la fois les cycles op\u00e9rationnels et administratifs. Cela implique d\u2019\u00eatre en [&hellip;]<\/p>\n","protected":false},"author":1,"featured_media":1220,"parent":1778,"menu_order":0,"comment_status":"closed","ping_status":"closed","template":"elementor_header_footer","meta":{"footnotes":""},"class_list":["post-1312","page","type-page","status-publish","has-post-thumbnail","hentry"],"yoast_head":"<!-- This site is optimized with the Yoast SEO plugin v27.6 - https:\/\/yoast.com\/product\/yoast-seo-wordpress\/ -->\n<title>Coordinateur(trice) Trade LATAM | Reuse Trading Antwerp<\/title>\n<meta name=\"description\" content=\"Reuse Trading \u00e0 Anvers recrute un(e) Coordinateur(trice) Trade pour g\u00e9rer les exp\u00e9ditions de commerce international, les contrats et la documentation.\" \/>\n<meta name=\"robots\" content=\"index, follow, max-snippet:-1, max-image-preview:large, max-video-preview:-1\" \/>\n<link rel=\"canonical\" href=\"https:\/\/reusetrading.be\/fr\/carrieres\/coordinateurtrice-trade-latam\/\" \/>\n<meta property=\"og:locale\" content=\"fr_FR\" \/>\n<meta property=\"og:type\" content=\"article\" \/>\n<meta property=\"og:title\" content=\"Coordinateur(trice) Trade LATAM | Reuse Trading Antwerp\" \/>\n<meta property=\"og:description\" content=\"Reuse Trading \u00e0 Anvers recrute un(e) Coordinateur(trice) Trade pour g\u00e9rer les exp\u00e9ditions de commerce international, les contrats et la documentation.\" \/>\n<meta property=\"og:url\" content=\"https:\/\/reusetrading.be\/fr\/carrieres\/coordinateurtrice-trade-latam\/\" \/>\n<meta property=\"og:site_name\" content=\"Reuse Trading\" \/>\n<meta property=\"article:modified_time\" content=\"2026-04-29T07:48:42+00:00\" \/>\n<meta property=\"og:image\" content=\"https:\/\/reusetrading.be\/wp-content\/uploads\/2026\/03\/Reuse_careers.jpg\" \/>\n\t<meta property=\"og:image:width\" content=\"2040\" \/>\n\t<meta property=\"og:image:height\" content=\"1360\" \/>\n\t<meta property=\"og:image:type\" content=\"image\/jpeg\" \/>\n<meta name=\"twitter:card\" content=\"summary_large_image\" \/>\n<meta name=\"twitter:label1\" content=\"Dur\u00e9e de lecture estim\u00e9e\" \/>\n\t<meta name=\"twitter:data1\" content=\"2 minutes\" \/>\n<script type=\"application\/ld+json\" class=\"yoast-schema-graph\">{\"@context\":\"https:\\\/\\\/schema.org\",\"@graph\":[{\"@type\":\"WebPage\",\"@id\":\"https:\\\/\\\/reusetrading.be\\\/fr\\\/carrieres\\\/coordinateurtrice-trade-latam\\\/\",\"url\":\"https:\\\/\\\/reusetrading.be\\\/fr\\\/carrieres\\\/coordinateurtrice-trade-latam\\\/\",\"name\":\"Coordinateur(trice) Trade LATAM | Reuse Trading Antwerp\",\"isPartOf\":{\"@id\":\"https:\\\/\\\/reusetrading.be\\\/fr\\\/#website\"},\"primaryImageOfPage\":{\"@id\":\"https:\\\/\\\/reusetrading.be\\\/fr\\\/carrieres\\\/coordinateurtrice-trade-latam\\\/#primaryimage\"},\"image\":{\"@id\":\"https:\\\/\\\/reusetrading.be\\\/fr\\\/carrieres\\\/coordinateurtrice-trade-latam\\\/#primaryimage\"},\"thumbnailUrl\":\"https:\\\/\\\/reusetrading.be\\\/wp-content\\\/uploads\\\/2026\\\/03\\\/Reuse_careers.jpg\",\"datePublished\":\"2026-03-18T11:06:14+00:00\",\"dateModified\":\"2026-04-29T07:48:42+00:00\",\"description\":\"Reuse Trading \u00e0 Anvers recrute un(e) Coordinateur(trice) Trade pour g\u00e9rer les exp\u00e9ditions de commerce international, les contrats et la documentation.\",\"breadcrumb\":{\"@id\":\"https:\\\/\\\/reusetrading.be\\\/fr\\\/carrieres\\\/coordinateurtrice-trade-latam\\\/#breadcrumb\"},\"inLanguage\":\"fr-FR\",\"potentialAction\":[{\"@type\":\"ReadAction\",\"target\":[\"https:\\\/\\\/reusetrading.be\\\/fr\\\/carrieres\\\/coordinateurtrice-trade-latam\\\/\"]}]},{\"@type\":\"ImageObject\",\"inLanguage\":\"fr-FR\",\"@id\":\"https:\\\/\\\/reusetrading.be\\\/fr\\\/carrieres\\\/coordinateurtrice-trade-latam\\\/#primaryimage\",\"url\":\"https:\\\/\\\/reusetrading.be\\\/wp-content\\\/uploads\\\/2026\\\/03\\\/Reuse_careers.jpg\",\"contentUrl\":\"https:\\\/\\\/reusetrading.be\\\/wp-content\\\/uploads\\\/2026\\\/03\\\/Reuse_careers.jpg\",\"width\":2040,\"height\":1360},{\"@type\":\"BreadcrumbList\",\"@id\":\"https:\\\/\\\/reusetrading.be\\\/fr\\\/carrieres\\\/coordinateurtrice-trade-latam\\\/#breadcrumb\",\"itemListElement\":[{\"@type\":\"ListItem\",\"position\":1,\"name\":\"Accueil\",\"item\":\"https:\\\/\\\/reusetrading.be\\\/fr\\\/accueil\\\/\"},{\"@type\":\"ListItem\",\"position\":2,\"name\":\"Carri\u00e8res\",\"item\":\"https:\\\/\\\/reusetrading.be\\\/fr\\\/carrieres\\\/\"},{\"@type\":\"ListItem\",\"position\":3,\"name\":\"Coordinateur(trice) Trade LATAM\"}]},{\"@type\":\"WebSite\",\"@id\":\"https:\\\/\\\/reusetrading.be\\\/fr\\\/#website\",\"url\":\"https:\\\/\\\/reusetrading.be\\\/fr\\\/\",\"name\":\"Reuse Trading\",\"description\":\"\",\"potentialAction\":[{\"@type\":\"SearchAction\",\"target\":{\"@type\":\"EntryPoint\",\"urlTemplate\":\"https:\\\/\\\/reusetrading.be\\\/fr\\\/?s={search_term_string}\"},\"query-input\":{\"@type\":\"PropertyValueSpecification\",\"valueRequired\":true,\"valueName\":\"search_term_string\"}}],\"inLanguage\":\"fr-FR\"}]}<\/script>\n<!-- \/ Yoast SEO plugin. -->","yoast_head_json":{"title":"Coordinateur(trice) Trade LATAM | Reuse Trading Antwerp","description":"Reuse Trading \u00e0 Anvers recrute un(e) Coordinateur(trice) Trade pour g\u00e9rer les exp\u00e9ditions de commerce international, les contrats et la documentation.","robots":{"index":"index","follow":"follow","max-snippet":"max-snippet:-1","max-image-preview":"max-image-preview:large","max-video-preview":"max-video-preview:-1"},"canonical":"https:\/\/reusetrading.be\/fr\/carrieres\/coordinateurtrice-trade-latam\/","og_locale":"fr_FR","og_type":"article","og_title":"Coordinateur(trice) Trade LATAM | Reuse Trading Antwerp","og_description":"Reuse Trading \u00e0 Anvers recrute un(e) Coordinateur(trice) Trade pour g\u00e9rer les exp\u00e9ditions de commerce international, les contrats et la documentation.","og_url":"https:\/\/reusetrading.be\/fr\/carrieres\/coordinateurtrice-trade-latam\/","og_site_name":"Reuse Trading","article_modified_time":"2026-04-29T07:48:42+00:00","og_image":[{"width":2040,"height":1360,"url":"https:\/\/reusetrading.be\/wp-content\/uploads\/2026\/03\/Reuse_careers.jpg","type":"image\/jpeg"}],"twitter_card":"summary_large_image","twitter_misc":{"Dur\u00e9e de lecture estim\u00e9e":"2 minutes"},"schema":{"@context":"https:\/\/schema.org","@graph":[{"@type":"WebPage","@id":"https:\/\/reusetrading.be\/fr\/carrieres\/coordinateurtrice-trade-latam\/","url":"https:\/\/reusetrading.be\/fr\/carrieres\/coordinateurtrice-trade-latam\/","name":"Coordinateur(trice) Trade LATAM | Reuse Trading Antwerp","isPartOf":{"@id":"https:\/\/reusetrading.be\/fr\/#website"},"primaryImageOfPage":{"@id":"https:\/\/reusetrading.be\/fr\/carrieres\/coordinateurtrice-trade-latam\/#primaryimage"},"image":{"@id":"https:\/\/reusetrading.be\/fr\/carrieres\/coordinateurtrice-trade-latam\/#primaryimage"},"thumbnailUrl":"https:\/\/reusetrading.be\/wp-content\/uploads\/2026\/03\/Reuse_careers.jpg","datePublished":"2026-03-18T11:06:14+00:00","dateModified":"2026-04-29T07:48:42+00:00","description":"Reuse Trading \u00e0 Anvers recrute un(e) Coordinateur(trice) Trade pour g\u00e9rer les exp\u00e9ditions de commerce international, les contrats et la documentation.","breadcrumb":{"@id":"https:\/\/reusetrading.be\/fr\/carrieres\/coordinateurtrice-trade-latam\/#breadcrumb"},"inLanguage":"fr-FR","potentialAction":[{"@type":"ReadAction","target":["https:\/\/reusetrading.be\/fr\/carrieres\/coordinateurtrice-trade-latam\/"]}]},{"@type":"ImageObject","inLanguage":"fr-FR","@id":"https:\/\/reusetrading.be\/fr\/carrieres\/coordinateurtrice-trade-latam\/#primaryimage","url":"https:\/\/reusetrading.be\/wp-content\/uploads\/2026\/03\/Reuse_careers.jpg","contentUrl":"https:\/\/reusetrading.be\/wp-content\/uploads\/2026\/03\/Reuse_careers.jpg","width":2040,"height":1360},{"@type":"BreadcrumbList","@id":"https:\/\/reusetrading.be\/fr\/carrieres\/coordinateurtrice-trade-latam\/#breadcrumb","itemListElement":[{"@type":"ListItem","position":1,"name":"Accueil","item":"https:\/\/reusetrading.be\/fr\/accueil\/"},{"@type":"ListItem","position":2,"name":"Carri\u00e8res","item":"https:\/\/reusetrading.be\/fr\/carrieres\/"},{"@type":"ListItem","position":3,"name":"Coordinateur(trice) Trade LATAM"}]},{"@type":"WebSite","@id":"https:\/\/reusetrading.be\/fr\/#website","url":"https:\/\/reusetrading.be\/fr\/","name":"Reuse Trading","description":"","potentialAction":[{"@type":"SearchAction","target":{"@type":"EntryPoint","urlTemplate":"https:\/\/reusetrading.be\/fr\/?s={search_term_string}"},"query-input":{"@type":"PropertyValueSpecification","valueRequired":true,"valueName":"search_term_string"}}],"inLanguage":"fr-FR"}]}},"_links":{"self":[{"href":"https:\/\/reusetrading.be\/fr\/wp-json\/wp\/v2\/pages\/1312","targetHints":{"allow":["GET"]}}],"collection":[{"href":"https:\/\/reusetrading.be\/fr\/wp-json\/wp\/v2\/pages"}],"about":[{"href":"https:\/\/reusetrading.be\/fr\/wp-json\/wp\/v2\/types\/page"}],"author":[{"embeddable":true,"href":"https:\/\/reusetrading.be\/fr\/wp-json\/wp\/v2\/users\/1"}],"replies":[{"embeddable":true,"href":"https:\/\/reusetrading.be\/fr\/wp-json\/wp\/v2\/comments?post=1312"}],"version-history":[{"count":1,"href":"https:\/\/reusetrading.be\/fr\/wp-json\/wp\/v2\/pages\/1312\/revisions"}],"predecessor-version":[{"id":1313,"href":"https:\/\/reusetrading.be\/fr\/wp-json\/wp\/v2\/pages\/1312\/revisions\/1313"}],"up":[{"embeddable":true,"href":"https:\/\/reusetrading.be\/fr\/wp-json\/wp\/v2\/pages\/1778"}],"wp:featuredmedia":[{"embeddable":true,"href":"https:\/\/reusetrading.be\/fr\/wp-json\/wp\/v2\/media\/1220"}],"wp:attachment":[{"href":"https:\/\/reusetrading.be\/fr\/wp-json\/wp\/v2\/media?parent=1312"}],"curies":[{"name":"wp","href":"https:\/\/api.w.org\/{rel}","templated":true}]}}