{"id":1366,"date":"2026-03-10T15:00:33","date_gmt":"2026-03-10T15:00:33","guid":{"rendered":"https:\/\/reusetrading.be\/derives\/"},"modified":"2026-04-29T06:30:17","modified_gmt":"2026-04-29T06:30:17","slug":"derives","status":"publish","type":"page","link":"https:\/\/reusetrading.be\/fr\/produits\/huiles-et-graisses\/derives\/","title":{"rendered":"D\u00e9riv\u00e9s"},"content":{"rendered":"\t\t<div data-elementor-type=\"wp-page\" data-elementor-id=\"1366\" class=\"elementor elementor-1366 elementor-645\" data-elementor-post-type=\"page\">\n\t\t\t\t<div data-particle_enable=\"false\" data-particle-mobile-disabled=\"false\" class=\"elementor-element elementor-element-9bb4ef3 e-flex e-con-boxed e-con e-parent\" data-id=\"9bb4ef3\" data-element_type=\"container\" data-e-type=\"container\">\n\t\t\t\t\t<div class=\"e-con-inner\">\n\t\t<div data-particle_enable=\"false\" data-particle-mobile-disabled=\"false\" class=\"elementor-element elementor-element-d286634 e-con-full e-flex e-con e-child\" data-id=\"d286634\" data-element_type=\"container\" data-e-type=\"container\">\n\t\t\t\t<div class=\"elementor-element elementor-element-3156c20 elementor-widget elementor-widget-heading\" data-id=\"3156c20\" data-element_type=\"widget\" data-e-type=\"widget\" data-widget_type=\"heading.default\">\n\t\t\t\t\t<h1 class=\"elementor-heading-title elementor-size-default\">D\u00e9riv\u00e9s  <span class=\"highlight\"><\/span> <\/h1>\t\t\t\t<\/div>\n\t\t\t\t<\/div>\n\t\t<div data-particle_enable=\"false\" data-particle-mobile-disabled=\"false\" class=\"elementor-element elementor-element-976d89c e-con-full e-flex e-con e-child\" data-id=\"976d89c\" data-element_type=\"container\" data-e-type=\"container\">\n\t\t\t\t<div class=\"elementor-element elementor-element-cc3eb65 elementor-widget elementor-widget-text-editor\" data-id=\"cc3eb65\" data-element_type=\"widget\" data-e-type=\"widget\" data-widget_type=\"text-editor.default\">\n\t\t\t\t\t\t\t\t\t<p>Nous fournissons des d\u00e9riv\u00e9s qui r\u00e9pondent \u00e0 divers besoins techniques, des lipides structur\u00e9s dans la production alimentaire aux bases fonctionnelles dans les formulations de soins personnels et industrielles. Nous nous appuyons sur des cha\u00eenes d\u2019approvisionnement conformes \u00e0 la RSPO et sur une \u00e9valuation rigoureuse de la qualit\u00e9, garantissant une qualit\u00e9 fiable, une documentation claire et une livraison constante. <\/p>\t\t\t\t\t\t\t\t<\/div>\n\t\t\t\t<div class=\"elementor-element elementor-element-8fccf48 elementor-widget elementor-widget-button\" data-id=\"8fccf48\" data-element_type=\"widget\" data-e-type=\"widget\" data-widget_type=\"button.default\">\n\t\t\t\t\t\t\t\t\t\t<a class=\"elementor-button elementor-button-link elementor-size-sm\" href=\"#vegetable%20\">\n\t\t\t\t\t\t<span class=\"elementor-button-content-wrapper\">\n\t\t\t\t\t\t<span class=\"elementor-button-icon\">\n\t\t\t\t<svg aria-hidden=\"true\" class=\"e-font-icon-svg e-fas-long-arrow-alt-right\" viewBox=\"0 0 448 512\" xmlns=\"http:\/\/www.w3.org\/2000\/svg\"><path d=\"M313.941 216H12c-6.627 0-12 5.373-12 12v56c0 6.627 5.373 12 12 12h301.941v46.059c0 21.382 25.851 32.09 40.971 16.971l86.059-86.059c9.373-9.373 9.373-24.569 0-33.941l-86.059-86.059c-15.119-15.119-40.971-4.411-40.971 16.971V216z\"><\/path><\/svg>\t\t\t<\/span>\n\t\t\t\t\t\t\t\t\t<span class=\"elementor-button-text\">D\u00e9couvrez les produits associ\u00e9s<\/span>\n\t\t\t\t\t<\/span>\n\t\t\t\t\t<\/a>\n\t\t\t\t\t\t\t\t<\/div>\n\t\t\t\t<\/div>\n\t\t\t\t\t<\/div>\n\t\t\t\t<\/div>\n\t\t<div data-particle_enable=\"false\" data-particle-mobile-disabled=\"false\" class=\"elementor-element elementor-element-300adb2 e-flex e-con-boxed e-con e-parent\" data-id=\"300adb2\" data-element_type=\"container\" data-e-type=\"container\">\n\t\t\t\t\t<div class=\"e-con-inner\">\n\t\t<div data-particle_enable=\"false\" data-particle-mobile-disabled=\"false\" class=\"elementor-element elementor-element-f8800e1 e-con-full e-flex e-con e-child\" data-id=\"f8800e1\" data-element_type=\"container\" data-e-type=\"container\">\n\t\t\t\t<div class=\"elementor-element elementor-element-cd97fe6 elementor-widget elementor-widget-image\" data-id=\"cd97fe6\" data-element_type=\"widget\" data-e-type=\"widget\" data-widget_type=\"image.default\">\n\t\t\t\t\t\t\t\t\t\t\t\t\t\t\t<img fetchpriority=\"high\" decoding=\"async\" width=\"2560\" height=\"1707\" src=\"https:\/\/reusetrading.be\/wp-content\/uploads\/2026\/03\/Reuse_Trading_Tropical-Oils.jpg\" class=\"attachment-full size-full wp-image-1356\" alt=\"\" srcset=\"https:\/\/reusetrading.be\/wp-content\/uploads\/2026\/03\/Reuse_Trading_Tropical-Oils.jpg 2560w, https:\/\/reusetrading.be\/wp-content\/uploads\/2026\/03\/Reuse_Trading_Tropical-Oils-300x200.jpg 300w, https:\/\/reusetrading.be\/wp-content\/uploads\/2026\/03\/Reuse_Trading_Tropical-Oils-1024x683.jpg 1024w, https:\/\/reusetrading.be\/wp-content\/uploads\/2026\/03\/Reuse_Trading_Tropical-Oils-768x512.jpg 768w, https:\/\/reusetrading.be\/wp-content\/uploads\/2026\/03\/Reuse_Trading_Tropical-Oils-1536x1024.jpg 1536w, https:\/\/reusetrading.be\/wp-content\/uploads\/2026\/03\/Reuse_Trading_Tropical-Oils-2048x1366.jpg 2048w\" sizes=\"(max-width: 2560px) 100vw, 2560px\" \/>\t\t\t\t\t\t\t\t\t\t\t\t\t\t\t<\/div>\n\t\t\t\t<\/div>\n\t\t\t\t\t<\/div>\n\t\t\t\t<\/div>\n\t\t<div data-particle_enable=\"false\" data-particle-mobile-disabled=\"false\" class=\"elementor-element elementor-element-8e2994e e-flex e-con-boxed e-con e-parent\" data-id=\"8e2994e\" data-element_type=\"container\" data-e-type=\"container\" id=\"vegetable\">\n\t\t\t\t\t<div class=\"e-con-inner\">\n\t\t<div data-particle_enable=\"false\" data-particle-mobile-disabled=\"false\" class=\"elementor-element elementor-element-241177c e-con-full e-flex e-con e-child\" data-id=\"241177c\" data-element_type=\"container\" data-e-type=\"container\">\n\t\t\t\t<div class=\"elementor-element elementor-element-82dff51 elementor-widget elementor-widget-heading\" data-id=\"82dff51\" data-element_type=\"widget\" data-e-type=\"widget\" data-widget_type=\"heading.default\">\n\t\t\t\t\t<h2 class=\"elementor-heading-title elementor-size-default\">Produits associ\u00e9s<\/h2>\t\t\t\t<\/div>\n\t\t\t\t<div class=\"elementor-element elementor-element-6111a70 elementor-icon-list--layout-traditional elementor-list-item-link-full_width elementor-widget elementor-widget-icon-list\" data-id=\"6111a70\" data-element_type=\"widget\" data-e-type=\"widget\" data-widget_type=\"icon-list.default\">\n\t\t\t\t\t\t\t<ul class=\"elementor-icon-list-items\">\n\t\t\t\t\t\t\t<li class=\"elementor-icon-list-item\">\n\t\t\t\t\t\t\t\t\t\t\t<span class=\"elementor-icon-list-icon\">\n\t\t\t\t\t\t\t<svg xmlns=\"http:\/\/www.w3.org\/2000\/svg\" id=\"Laag_1\" data-name=\"Laag 1\" width=\"486.71mm\" height=\"404.4mm\" viewBox=\"0 0 1379.66 1146.34\"><defs><style>      .cls-1 {        fill: #81c8e4;      }    <\/style><\/defs><polygon class=\"cls-1\" points=\"0 0 371.75 914.59 1379.66 1146.34 914.59 231.76 0 0\"><\/polygon><\/svg>\t\t\t\t\t\t<\/span>\n\t\t\t\t\t\t\t\t\t\t<span class=\"elementor-icon-list-text\">St\u00e9arine de palme RBD<\/span>\n\t\t\t\t\t\t\t\t\t<\/li>\n\t\t\t\t\t\t\t\t<li class=\"elementor-icon-list-item\">\n\t\t\t\t\t\t\t\t\t\t\t<span class=\"elementor-icon-list-icon\">\n\t\t\t\t\t\t\t<svg xmlns=\"http:\/\/www.w3.org\/2000\/svg\" id=\"Laag_1\" data-name=\"Laag 1\" width=\"486.71mm\" height=\"404.4mm\" viewBox=\"0 0 1379.66 1146.34\"><defs><style>      .cls-1 {        fill: #81c8e4;      }    <\/style><\/defs><polygon class=\"cls-1\" points=\"0 0 371.75 914.59 1379.66 1146.34 914.59 231.76 0 0\"><\/polygon><\/svg>\t\t\t\t\t\t<\/span>\n\t\t\t\t\t\t\t\t\t\t<span class=\"elementor-icon-list-text\">Distillat d\u2019acides gras de palme<\/span>\n\t\t\t\t\t\t\t\t\t<\/li>\n\t\t\t\t\t\t\t\t<li class=\"elementor-icon-list-item\">\n\t\t\t\t\t\t\t\t\t\t\t<span class=\"elementor-icon-list-icon\">\n\t\t\t\t\t\t\t<svg xmlns=\"http:\/\/www.w3.org\/2000\/svg\" id=\"Laag_1\" data-name=\"Laag 1\" width=\"486.71mm\" height=\"404.4mm\" viewBox=\"0 0 1379.66 1146.34\"><defs><style>      .cls-1 {        fill: #81c8e4;      }    <\/style><\/defs><polygon class=\"cls-1\" points=\"0 0 371.75 914.59 1379.66 1146.34 914.59 231.76 0 0\"><\/polygon><\/svg>\t\t\t\t\t\t<\/span>\n\t\t\t\t\t\t\t\t\t\t<span class=\"elementor-icon-list-text\">Shortenings de palme<\/span>\n\t\t\t\t\t\t\t\t\t<\/li>\n\t\t\t\t\t\t\t\t<li class=\"elementor-icon-list-item\">\n\t\t\t\t\t\t\t\t\t\t\t<span class=\"elementor-icon-list-icon\">\n\t\t\t\t\t\t\t<svg xmlns=\"http:\/\/www.w3.org\/2000\/svg\" id=\"Laag_1\" data-name=\"Laag 1\" width=\"486.71mm\" height=\"404.4mm\" viewBox=\"0 0 1379.66 1146.34\"><defs><style>      .cls-1 {        fill: #81c8e4;      }    <\/style><\/defs><polygon class=\"cls-1\" points=\"0 0 371.75 914.59 1379.66 1146.34 914.59 231.76 0 0\"><\/polygon><\/svg>\t\t\t\t\t\t<\/span>\n\t\t\t\t\t\t\t\t\t\t<span class=\"elementor-icon-list-text\">Distillat d\u2019acides gras de palmiste<\/span>\n\t\t\t\t\t\t\t\t\t<\/li>\n\t\t\t\t\t\t<\/ul>\n\t\t\t\t\t\t<\/div>\n\t\t\t\t<div class=\"elementor-element elementor-element-c42235f elementor-icon-list--layout-traditional elementor-list-item-link-full_width elementor-widget elementor-widget-icon-list\" data-id=\"c42235f\" data-element_type=\"widget\" data-e-type=\"widget\" data-widget_type=\"icon-list.default\">\n\t\t\t\t\t\t\t<ul class=\"elementor-icon-list-items\">\n\t\t\t\t\t\t\t<li class=\"elementor-icon-list-item\">\n\t\t\t\t\t\t\t\t\t\t\t<span class=\"elementor-icon-list-icon\">\n\t\t\t\t\t\t\t<svg xmlns=\"http:\/\/www.w3.org\/2000\/svg\" id=\"Laag_1\" data-name=\"Laag 1\" width=\"486.71mm\" height=\"404.4mm\" viewBox=\"0 0 1379.66 1146.34\"><defs><style>      .cls-1 {        fill: #81c8e4;      }    <\/style><\/defs><polygon class=\"cls-1\" points=\"0 0 371.75 914.59 1379.66 1146.34 914.59 231.76 0 0\"><\/polygon><\/svg>\t\t\t\t\t\t<\/span>\n\t\t\t\t\t\t\t\t\t\t<span class=\"elementor-icon-list-text\">Beurre de karit\u00e9<\/span>\n\t\t\t\t\t\t\t\t\t<\/li>\n\t\t\t\t\t\t\t\t<li class=\"elementor-icon-list-item\">\n\t\t\t\t\t\t\t\t\t\t\t<span class=\"elementor-icon-list-icon\">\n\t\t\t\t\t\t\t<svg xmlns=\"http:\/\/www.w3.org\/2000\/svg\" id=\"Laag_1\" data-name=\"Laag 1\" width=\"486.71mm\" height=\"404.4mm\" viewBox=\"0 0 1379.66 1146.34\"><defs><style>      .cls-1 {        fill: #81c8e4;      }    <\/style><\/defs><polygon class=\"cls-1\" points=\"0 0 371.75 914.59 1379.66 1146.34 914.59 231.76 0 0\"><\/polygon><\/svg>\t\t\t\t\t\t<\/span>\n\t\t\t\t\t\t\t\t\t\t<span class=\"elementor-icon-list-text\">Beurre de cacao<\/span>\n\t\t\t\t\t\t\t\t\t<\/li>\n\t\t\t\t\t\t\t\t<li class=\"elementor-icon-list-item\">\n\t\t\t\t\t\t\t\t\t\t\t<span class=\"elementor-icon-list-icon\">\n\t\t\t\t\t\t\t<svg xmlns=\"http:\/\/www.w3.org\/2000\/svg\" id=\"Laag_1\" data-name=\"Laag 1\" width=\"486.71mm\" height=\"404.4mm\" viewBox=\"0 0 1379.66 1146.34\"><defs><style>      .cls-1 {        fill: #81c8e4;      }    <\/style><\/defs><polygon class=\"cls-1\" points=\"0 0 371.75 914.59 1379.66 1146.34 914.59 231.76 0 0\"><\/polygon><\/svg>\t\t\t\t\t\t<\/span>\n\t\t\t\t\t\t\t\t\t\t<span class=\"elementor-icon-list-text\">Huile de coco hydrog\u00e9n\u00e9e<\/span>\n\t\t\t\t\t\t\t\t\t<\/li>\n\t\t\t\t\t\t\t\t<li class=\"elementor-icon-list-item\">\n\t\t\t\t\t\t\t\t\t\t\t<span class=\"elementor-icon-list-icon\">\n\t\t\t\t\t\t\t<svg xmlns=\"http:\/\/www.w3.org\/2000\/svg\" id=\"Laag_1\" data-name=\"Laag 1\" width=\"486.71mm\" height=\"404.4mm\" viewBox=\"0 0 1379.66 1146.34\"><defs><style>      .cls-1 {        fill: #81c8e4;      }    <\/style><\/defs><polygon class=\"cls-1\" points=\"0 0 371.75 914.59 1379.66 1146.34 914.59 231.76 0 0\"><\/polygon><\/svg>\t\t\t\t\t\t<\/span>\n\t\t\t\t\t\t\t\t\t\t<span class=\"elementor-icon-list-text\">Acide laurique<\/span>\n\t\t\t\t\t\t\t\t\t<\/li>\n\t\t\t\t\t\t<\/ul>\n\t\t\t\t\t\t<\/div>\n\t\t\t\t<div class=\"elementor-element elementor-element-2d6f9ee elementor-icon-list--layout-traditional elementor-list-item-link-full_width elementor-widget elementor-widget-icon-list\" data-id=\"2d6f9ee\" data-element_type=\"widget\" data-e-type=\"widget\" data-widget_type=\"icon-list.default\">\n\t\t\t\t\t\t\t<ul class=\"elementor-icon-list-items\">\n\t\t\t\t\t\t\t<li class=\"elementor-icon-list-item\">\n\t\t\t\t\t\t\t\t\t\t\t<span class=\"elementor-icon-list-icon\">\n\t\t\t\t\t\t\t<svg xmlns=\"http:\/\/www.w3.org\/2000\/svg\" id=\"Laag_1\" data-name=\"Laag 1\" width=\"486.71mm\" height=\"404.4mm\" viewBox=\"0 0 1379.66 1146.34\"><defs><style>      .cls-1 {        fill: #81c8e4;      }    <\/style><\/defs><polygon class=\"cls-1\" points=\"0 0 371.75 914.59 1379.66 1146.34 914.59 231.76 0 0\"><\/polygon><\/svg>\t\t\t\t\t\t<\/span>\n\t\t\t\t\t\t\t\t\t\t<span class=\"elementor-icon-list-text\">Acide st\u00e9arique<\/span>\n\t\t\t\t\t\t\t\t\t<\/li>\n\t\t\t\t\t\t\t\t<li class=\"elementor-icon-list-item\">\n\t\t\t\t\t\t\t\t\t\t\t<span class=\"elementor-icon-list-icon\">\n\t\t\t\t\t\t\t<svg xmlns=\"http:\/\/www.w3.org\/2000\/svg\" id=\"Laag_1\" data-name=\"Laag 1\" width=\"486.71mm\" height=\"404.4mm\" viewBox=\"0 0 1379.66 1146.34\"><defs><style>      .cls-1 {        fill: #81c8e4;      }    <\/style><\/defs><polygon class=\"cls-1\" points=\"0 0 371.75 914.59 1379.66 1146.34 914.59 231.76 0 0\"><\/polygon><\/svg>\t\t\t\t\t\t<\/span>\n\t\t\t\t\t\t\t\t\t\t<span class=\"elementor-icon-list-text\">Acide palmitique<\/span>\n\t\t\t\t\t\t\t\t\t<\/li>\n\t\t\t\t\t\t\t\t<li class=\"elementor-icon-list-item\">\n\t\t\t\t\t\t\t\t\t\t\t<span class=\"elementor-icon-list-icon\">\n\t\t\t\t\t\t\t<svg xmlns=\"http:\/\/www.w3.org\/2000\/svg\" id=\"Laag_1\" data-name=\"Laag 1\" width=\"486.71mm\" height=\"404.4mm\" viewBox=\"0 0 1379.66 1146.34\"><defs><style>      .cls-1 {        fill: #81c8e4;      }    <\/style><\/defs><polygon class=\"cls-1\" points=\"0 0 371.75 914.59 1379.66 1146.34 914.59 231.76 0 0\"><\/polygon><\/svg>\t\t\t\t\t\t<\/span>\n\t\t\t\t\t\t\t\t\t\t<span class=\"elementor-icon-list-text\">Acide ol\u00e9ique<\/span>\n\t\t\t\t\t\t\t\t\t<\/li>\n\t\t\t\t\t\t<\/ul>\n\t\t\t\t\t\t<\/div>\n\t\t\t\t<\/div>\n\t\t\t\t\t<\/div>\n\t\t\t\t<\/div>\n\t\t\t\t<\/div>\n\t\t","protected":false},"excerpt":{"rendered":"<p>D\u00e9riv\u00e9s Nous fournissons des d\u00e9riv\u00e9s qui r\u00e9pondent \u00e0 divers besoins techniques, des lipides structur\u00e9s dans la production alimentaire aux bases fonctionnelles dans les formulations de soins personnels et industrielles. Nous nous appuyons sur des cha\u00eenes d\u2019approvisionnement conformes \u00e0 la RSPO et sur une \u00e9valuation rigoureuse de la qualit\u00e9, garantissant une qualit\u00e9 fiable, une documentation claire [&hellip;]<\/p>\n","protected":false},"author":1,"featured_media":1356,"parent":1739,"menu_order":0,"comment_status":"closed","ping_status":"closed","template":"elementor_header_footer","meta":{"footnotes":""},"class_list":["post-1366","page","type-page","status-publish","has-post-thumbnail","hentry"],"yoast_head":"<!-- This site is optimized with the Yoast SEO plugin v27.6 - https:\/\/yoast.com\/product\/yoast-seo-wordpress\/ -->\n<title>D\u00e9riv\u00e9s | Reuse Trading<\/title>\n<meta name=\"description\" content=\"Reuse Trading fournit des d\u00e9riv\u00e9s provenant de producteurs de confiance pour les secteurs de l\u2019alimentation, des soins personnels et des applications industrielles dans le monde entier.\" \/>\n<meta name=\"robots\" content=\"index, follow, max-snippet:-1, max-image-preview:large, max-video-preview:-1\" \/>\n<link rel=\"canonical\" href=\"https:\/\/reusetrading.be\/fr\/produits\/huiles-et-graisses\/derives\/\" \/>\n<meta property=\"og:locale\" content=\"fr_FR\" \/>\n<meta property=\"og:type\" content=\"article\" \/>\n<meta property=\"og:title\" content=\"D\u00e9riv\u00e9s | Reuse Trading\" \/>\n<meta property=\"og:description\" content=\"Reuse Trading fournit des d\u00e9riv\u00e9s provenant de producteurs de confiance pour les secteurs de l\u2019alimentation, des soins personnels et des applications industrielles dans le monde entier.\" \/>\n<meta property=\"og:url\" content=\"https:\/\/reusetrading.be\/fr\/produits\/huiles-et-graisses\/derives\/\" \/>\n<meta property=\"og:site_name\" content=\"Reuse Trading\" \/>\n<meta property=\"article:modified_time\" content=\"2026-04-29T06:30:17+00:00\" \/>\n<meta property=\"og:image\" content=\"https:\/\/reusetrading.be\/wp-content\/uploads\/2026\/03\/Reuse_Trading_Tropical-Oils.jpg\" \/>\n\t<meta property=\"og:image:width\" content=\"2560\" \/>\n\t<meta property=\"og:image:height\" content=\"1707\" \/>\n\t<meta property=\"og:image:type\" content=\"image\/jpeg\" \/>\n<meta name=\"twitter:card\" content=\"summary_large_image\" \/>\n<meta name=\"twitter:label1\" content=\"Dur\u00e9e de lecture estim\u00e9e\" \/>\n\t<meta name=\"twitter:data1\" content=\"1 minute\" \/>\n<script type=\"application\/ld+json\" class=\"yoast-schema-graph\">{\"@context\":\"https:\\\/\\\/schema.org\",\"@graph\":[{\"@type\":\"WebPage\",\"@id\":\"https:\\\/\\\/reusetrading.be\\\/fr\\\/produits\\\/huiles-et-graisses\\\/derives\\\/\",\"url\":\"https:\\\/\\\/reusetrading.be\\\/fr\\\/produits\\\/huiles-et-graisses\\\/derives\\\/\",\"name\":\"D\u00e9riv\u00e9s | Reuse Trading\",\"isPartOf\":{\"@id\":\"https:\\\/\\\/reusetrading.be\\\/fr\\\/#website\"},\"primaryImageOfPage\":{\"@id\":\"https:\\\/\\\/reusetrading.be\\\/fr\\\/produits\\\/huiles-et-graisses\\\/derives\\\/#primaryimage\"},\"image\":{\"@id\":\"https:\\\/\\\/reusetrading.be\\\/fr\\\/produits\\\/huiles-et-graisses\\\/derives\\\/#primaryimage\"},\"thumbnailUrl\":\"https:\\\/\\\/reusetrading.be\\\/wp-content\\\/uploads\\\/2026\\\/03\\\/Reuse_Trading_Tropical-Oils.jpg\",\"datePublished\":\"2026-03-10T15:00:33+00:00\",\"dateModified\":\"2026-04-29T06:30:17+00:00\",\"description\":\"Reuse Trading fournit des d\u00e9riv\u00e9s provenant de producteurs de confiance pour les secteurs de l\u2019alimentation, des soins personnels et des applications industrielles dans le monde entier.\",\"breadcrumb\":{\"@id\":\"https:\\\/\\\/reusetrading.be\\\/fr\\\/produits\\\/huiles-et-graisses\\\/derives\\\/#breadcrumb\"},\"inLanguage\":\"fr-FR\",\"potentialAction\":[{\"@type\":\"ReadAction\",\"target\":[\"https:\\\/\\\/reusetrading.be\\\/fr\\\/produits\\\/huiles-et-graisses\\\/derives\\\/\"]}]},{\"@type\":\"ImageObject\",\"inLanguage\":\"fr-FR\",\"@id\":\"https:\\\/\\\/reusetrading.be\\\/fr\\\/produits\\\/huiles-et-graisses\\\/derives\\\/#primaryimage\",\"url\":\"https:\\\/\\\/reusetrading.be\\\/wp-content\\\/uploads\\\/2026\\\/03\\\/Reuse_Trading_Tropical-Oils.jpg\",\"contentUrl\":\"https:\\\/\\\/reusetrading.be\\\/wp-content\\\/uploads\\\/2026\\\/03\\\/Reuse_Trading_Tropical-Oils.jpg\",\"width\":2560,\"height\":1707},{\"@type\":\"BreadcrumbList\",\"@id\":\"https:\\\/\\\/reusetrading.be\\\/fr\\\/produits\\\/huiles-et-graisses\\\/derives\\\/#breadcrumb\",\"itemListElement\":[{\"@type\":\"ListItem\",\"position\":1,\"name\":\"Accueil\",\"item\":\"https:\\\/\\\/reusetrading.be\\\/fr\\\/accueil\\\/\"},{\"@type\":\"ListItem\",\"position\":2,\"name\":\"Produits\",\"item\":\"https:\\\/\\\/reusetrading.be\\\/fr\\\/produits\\\/\"},{\"@type\":\"ListItem\",\"position\":3,\"name\":\"Huiles et graisses\",\"item\":\"https:\\\/\\\/reusetrading.be\\\/fr\\\/produits\\\/huiles-et-graisses\\\/\"},{\"@type\":\"ListItem\",\"position\":4,\"name\":\"D\u00e9riv\u00e9s\"}]},{\"@type\":\"WebSite\",\"@id\":\"https:\\\/\\\/reusetrading.be\\\/fr\\\/#website\",\"url\":\"https:\\\/\\\/reusetrading.be\\\/fr\\\/\",\"name\":\"Reuse Trading\",\"description\":\"\",\"potentialAction\":[{\"@type\":\"SearchAction\",\"target\":{\"@type\":\"EntryPoint\",\"urlTemplate\":\"https:\\\/\\\/reusetrading.be\\\/fr\\\/?s={search_term_string}\"},\"query-input\":{\"@type\":\"PropertyValueSpecification\",\"valueRequired\":true,\"valueName\":\"search_term_string\"}}],\"inLanguage\":\"fr-FR\"}]}<\/script>\n<!-- \/ Yoast SEO plugin. -->","yoast_head_json":{"title":"D\u00e9riv\u00e9s | Reuse Trading","description":"Reuse Trading fournit des d\u00e9riv\u00e9s provenant de producteurs de confiance pour les secteurs de l\u2019alimentation, des soins personnels et des applications industrielles dans le monde entier.","robots":{"index":"index","follow":"follow","max-snippet":"max-snippet:-1","max-image-preview":"max-image-preview:large","max-video-preview":"max-video-preview:-1"},"canonical":"https:\/\/reusetrading.be\/fr\/produits\/huiles-et-graisses\/derives\/","og_locale":"fr_FR","og_type":"article","og_title":"D\u00e9riv\u00e9s | Reuse Trading","og_description":"Reuse Trading fournit des d\u00e9riv\u00e9s provenant de producteurs de confiance pour les secteurs de l\u2019alimentation, des soins personnels et des applications industrielles dans le monde entier.","og_url":"https:\/\/reusetrading.be\/fr\/produits\/huiles-et-graisses\/derives\/","og_site_name":"Reuse Trading","article_modified_time":"2026-04-29T06:30:17+00:00","og_image":[{"width":2560,"height":1707,"url":"https:\/\/reusetrading.be\/wp-content\/uploads\/2026\/03\/Reuse_Trading_Tropical-Oils.jpg","type":"image\/jpeg"}],"twitter_card":"summary_large_image","twitter_misc":{"Dur\u00e9e de lecture estim\u00e9e":"1 minute"},"schema":{"@context":"https:\/\/schema.org","@graph":[{"@type":"WebPage","@id":"https:\/\/reusetrading.be\/fr\/produits\/huiles-et-graisses\/derives\/","url":"https:\/\/reusetrading.be\/fr\/produits\/huiles-et-graisses\/derives\/","name":"D\u00e9riv\u00e9s | Reuse Trading","isPartOf":{"@id":"https:\/\/reusetrading.be\/fr\/#website"},"primaryImageOfPage":{"@id":"https:\/\/reusetrading.be\/fr\/produits\/huiles-et-graisses\/derives\/#primaryimage"},"image":{"@id":"https:\/\/reusetrading.be\/fr\/produits\/huiles-et-graisses\/derives\/#primaryimage"},"thumbnailUrl":"https:\/\/reusetrading.be\/wp-content\/uploads\/2026\/03\/Reuse_Trading_Tropical-Oils.jpg","datePublished":"2026-03-10T15:00:33+00:00","dateModified":"2026-04-29T06:30:17+00:00","description":"Reuse Trading fournit des d\u00e9riv\u00e9s provenant de producteurs de confiance pour les secteurs de l\u2019alimentation, des soins personnels et des applications industrielles dans le monde entier.","breadcrumb":{"@id":"https:\/\/reusetrading.be\/fr\/produits\/huiles-et-graisses\/derives\/#breadcrumb"},"inLanguage":"fr-FR","potentialAction":[{"@type":"ReadAction","target":["https:\/\/reusetrading.be\/fr\/produits\/huiles-et-graisses\/derives\/"]}]},{"@type":"ImageObject","inLanguage":"fr-FR","@id":"https:\/\/reusetrading.be\/fr\/produits\/huiles-et-graisses\/derives\/#primaryimage","url":"https:\/\/reusetrading.be\/wp-content\/uploads\/2026\/03\/Reuse_Trading_Tropical-Oils.jpg","contentUrl":"https:\/\/reusetrading.be\/wp-content\/uploads\/2026\/03\/Reuse_Trading_Tropical-Oils.jpg","width":2560,"height":1707},{"@type":"BreadcrumbList","@id":"https:\/\/reusetrading.be\/fr\/produits\/huiles-et-graisses\/derives\/#breadcrumb","itemListElement":[{"@type":"ListItem","position":1,"name":"Accueil","item":"https:\/\/reusetrading.be\/fr\/accueil\/"},{"@type":"ListItem","position":2,"name":"Produits","item":"https:\/\/reusetrading.be\/fr\/produits\/"},{"@type":"ListItem","position":3,"name":"Huiles et graisses","item":"https:\/\/reusetrading.be\/fr\/produits\/huiles-et-graisses\/"},{"@type":"ListItem","position":4,"name":"D\u00e9riv\u00e9s"}]},{"@type":"WebSite","@id":"https:\/\/reusetrading.be\/fr\/#website","url":"https:\/\/reusetrading.be\/fr\/","name":"Reuse Trading","description":"","potentialAction":[{"@type":"SearchAction","target":{"@type":"EntryPoint","urlTemplate":"https:\/\/reusetrading.be\/fr\/?s={search_term_string}"},"query-input":{"@type":"PropertyValueSpecification","valueRequired":true,"valueName":"search_term_string"}}],"inLanguage":"fr-FR"}]}},"_links":{"self":[{"href":"https:\/\/reusetrading.be\/fr\/wp-json\/wp\/v2\/pages\/1366","targetHints":{"allow":["GET"]}}],"collection":[{"href":"https:\/\/reusetrading.be\/fr\/wp-json\/wp\/v2\/pages"}],"about":[{"href":"https:\/\/reusetrading.be\/fr\/wp-json\/wp\/v2\/types\/page"}],"author":[{"embeddable":true,"href":"https:\/\/reusetrading.be\/fr\/wp-json\/wp\/v2\/users\/1"}],"replies":[{"embeddable":true,"href":"https:\/\/reusetrading.be\/fr\/wp-json\/wp\/v2\/comments?post=1366"}],"version-history":[{"count":1,"href":"https:\/\/reusetrading.be\/fr\/wp-json\/wp\/v2\/pages\/1366\/revisions"}],"predecessor-version":[{"id":1368,"href":"https:\/\/reusetrading.be\/fr\/wp-json\/wp\/v2\/pages\/1366\/revisions\/1368"}],"up":[{"embeddable":true,"href":"https:\/\/reusetrading.be\/fr\/wp-json\/wp\/v2\/pages\/1739"}],"wp:featuredmedia":[{"embeddable":true,"href":"https:\/\/reusetrading.be\/fr\/wp-json\/wp\/v2\/media\/1356"}],"wp:attachment":[{"href":"https:\/\/reusetrading.be\/fr\/wp-json\/wp\/v2\/media?parent=1366"}],"curies":[{"name":"wp","href":"https:\/\/api.w.org\/{rel}","templated":true}]}}