{"id":1458,"date":"2026-03-09T08:40:47","date_gmt":"2026-03-09T08:40:47","guid":{"rendered":"https:\/\/reusetrading.be\/presence-mondiale\/"},"modified":"2026-04-29T06:25:31","modified_gmt":"2026-04-29T06:25:31","slug":"presence-mondiale","status":"publish","type":"page","link":"https:\/\/reusetrading.be\/fr\/presence-mondiale\/","title":{"rendered":"Pr\u00e9sence mondiale"},"content":{"rendered":"\t\t<div data-elementor-type=\"wp-page\" data-elementor-id=\"1458\" class=\"elementor elementor-1458 elementor-245\" data-elementor-post-type=\"page\">\n\t\t\t\t<div data-particle_enable=\"false\" data-particle-mobile-disabled=\"false\" class=\"elementor-element elementor-element-9bb4ef3 e-flex e-con-boxed e-con e-parent\" data-id=\"9bb4ef3\" data-element_type=\"container\" data-e-type=\"container\">\n\t\t\t\t\t<div class=\"e-con-inner\">\n\t\t<div data-particle_enable=\"false\" data-particle-mobile-disabled=\"false\" class=\"elementor-element elementor-element-d286634 e-con-full e-flex e-con e-child\" data-id=\"d286634\" data-element_type=\"container\" data-e-type=\"container\">\n\t\t\t\t<div class=\"elementor-element elementor-element-3156c20 elementor-widget elementor-widget-heading\" data-id=\"3156c20\" data-element_type=\"widget\" data-e-type=\"widget\" data-widget_type=\"heading.default\">\n\t\t\t\t\t<h1 class=\"elementor-heading-title elementor-size-default\">Pr\u00e9sence <span class=\"highlight\">mondiale<\/span>, expertise locale<\/h1>\t\t\t\t<\/div>\n\t\t\t\t<\/div>\n\t\t<div data-particle_enable=\"false\" data-particle-mobile-disabled=\"false\" class=\"elementor-element elementor-element-976d89c e-con-full e-flex e-con e-child\" data-id=\"976d89c\" data-element_type=\"container\" data-e-type=\"container\">\n\t\t\t\t<div class=\"elementor-element elementor-element-cc3eb65 elementor-widget elementor-widget-text-editor\" data-id=\"cc3eb65\" data-element_type=\"widget\" data-e-type=\"widget\" data-widget_type=\"text-editor.default\">\n\t\t\t\t\t\t\t\t\t<p>Reuse Trading op\u00e8re dans le monde entier, avec un solide r\u00e9seau d\u2019approvisionnement et des march\u00e9s de vente \u00e9tablis en Afrique et en Am\u00e9rique latine. Depuis notre si\u00e8ge \u00e0 Anvers, nous coordonnons l\u2019approvisionnement, la logistique et le financement des exp\u00e9ditions, de toute origine jusqu\u2019\u00e0 leur destination. <\/p>\t\t\t\t\t\t\t\t<\/div>\n\t\t\t\t<\/div>\n\t\t\t\t\t<\/div>\n\t\t\t\t<\/div>\n\t\t<div data-particle_enable=\"false\" data-particle-mobile-disabled=\"false\" class=\"elementor-element elementor-element-722734c e-flex e-con-boxed e-con e-parent\" data-id=\"722734c\" data-element_type=\"container\" data-e-type=\"container\">\n\t\t\t\t\t<div class=\"e-con-inner\">\n\t\t<div data-particle_enable=\"false\" data-particle-mobile-disabled=\"false\" class=\"elementor-element elementor-element-5495fc3 e-con-full e-flex e-con e-child\" data-id=\"5495fc3\" data-element_type=\"container\" data-e-type=\"container\">\n\t\t<div data-particle_enable=\"false\" data-particle-mobile-disabled=\"false\" class=\"elementor-element elementor-element-be0a579 e-con-full e-flex e-con e-child\" data-id=\"be0a579\" data-element_type=\"container\" data-e-type=\"container\">\n\t\t\t\t<div class=\"elementor-element elementor-element-0a0b352 elementor-widget elementor-widget-image\" data-id=\"0a0b352\" data-element_type=\"widget\" data-e-type=\"widget\" data-widget_type=\"image.default\">\n\t\t\t\t\t\t\t\t\t\t\t\t\t\t\t<img fetchpriority=\"high\" decoding=\"async\" width=\"1910\" height=\"952\" src=\"https:\/\/reusetrading.be\/wp-content\/uploads\/2026\/03\/MapChart_Map-4-e1774337966254.jpg\" class=\"attachment-full size-full wp-image-1460\" alt=\"\" srcset=\"https:\/\/reusetrading.be\/wp-content\/uploads\/2026\/03\/MapChart_Map-4-e1774337966254.jpg 1910w, https:\/\/reusetrading.be\/wp-content\/uploads\/2026\/03\/MapChart_Map-4-e1774337966254-300x150.jpg 300w, https:\/\/reusetrading.be\/wp-content\/uploads\/2026\/03\/MapChart_Map-4-e1774337966254-1024x510.jpg 1024w, https:\/\/reusetrading.be\/wp-content\/uploads\/2026\/03\/MapChart_Map-4-e1774337966254-768x383.jpg 768w, https:\/\/reusetrading.be\/wp-content\/uploads\/2026\/03\/MapChart_Map-4-e1774337966254-1536x766.jpg 1536w\" sizes=\"(max-width: 1910px) 100vw, 1910px\" \/>\t\t\t\t\t\t\t\t\t\t\t\t\t\t\t<\/div>\n\t\t<div data-particle_enable=\"false\" data-particle-mobile-disabled=\"false\" class=\"elementor-element elementor-element-1d38e82 e-con-full e-flex e-con e-child\" data-id=\"1d38e82\" data-element_type=\"container\" data-e-type=\"container\">\n\t\t\t\t<div class=\"elementor-element elementor-element-980ad78 elementor-align-end elementor-icon-list--layout-traditional elementor-list-item-link-full_width elementor-widget elementor-widget-icon-list\" data-id=\"980ad78\" data-element_type=\"widget\" data-e-type=\"widget\" data-widget_type=\"icon-list.default\">\n\t\t\t\t\t\t\t<ul class=\"elementor-icon-list-items\">\n\t\t\t\t\t\t\t<li class=\"elementor-icon-list-item\">\n\t\t\t\t\t\t\t\t\t\t\t<span class=\"elementor-icon-list-icon\">\n\t\t\t\t\t\t\t<svg aria-hidden=\"true\" class=\"e-font-icon-svg e-fas-circle\" viewBox=\"0 0 512 512\" xmlns=\"http:\/\/www.w3.org\/2000\/svg\"><path d=\"M256 8C119 8 8 119 8 256s111 248 248 248 248-111 248-248S393 8 256 8z\"><\/path><\/svg>\t\t\t\t\t\t<\/span>\n\t\t\t\t\t\t\t\t\t\t<span class=\"elementor-icon-list-text\">March\u00e9s actifs<\/span>\n\t\t\t\t\t\t\t\t\t<\/li>\n\t\t\t\t\t\t<\/ul>\n\t\t\t\t\t\t<\/div>\n\t\t\t\t<div class=\"elementor-element elementor-element-fddefa0 elementor-align-end elementor-icon-list--layout-traditional elementor-list-item-link-full_width elementor-widget elementor-widget-icon-list\" data-id=\"fddefa0\" data-element_type=\"widget\" data-e-type=\"widget\" data-widget_type=\"icon-list.default\">\n\t\t\t\t\t\t\t<ul class=\"elementor-icon-list-items\">\n\t\t\t\t\t\t\t<li class=\"elementor-icon-list-item\">\n\t\t\t\t\t\t\t\t\t\t\t<span class=\"elementor-icon-list-icon\">\n\t\t\t\t\t\t\t<svg aria-hidden=\"true\" class=\"e-font-icon-svg e-fas-circle\" viewBox=\"0 0 512 512\" xmlns=\"http:\/\/www.w3.org\/2000\/svg\"><path d=\"M256 8C119 8 8 119 8 256s111 248 248 248 248-111 248-248S393 8 256 8z\"><\/path><\/svg>\t\t\t\t\t\t<\/span>\n\t\t\t\t\t\t\t\t\t\t<span class=\"elementor-icon-list-text\">March\u00e9s non actifs<\/span>\n\t\t\t\t\t\t\t\t\t<\/li>\n\t\t\t\t\t\t<\/ul>\n\t\t\t\t\t\t<\/div>\n\t\t\t\t<\/div>\n\t\t\t\t<\/div>\n\t\t\t\t<\/div>\n\t\t\t\t\t<\/div>\n\t\t\t\t<\/div>\n\t\t<div data-particle_enable=\"false\" data-particle-mobile-disabled=\"false\" class=\"elementor-element elementor-element-5c382f9 e-flex e-con-boxed e-con e-parent\" data-id=\"5c382f9\" data-element_type=\"container\" data-e-type=\"container\" data-settings=\"{&quot;background_background&quot;:&quot;classic&quot;}\">\n\t\t\t\t\t<div class=\"e-con-inner\">\n\t\t<div data-particle_enable=\"false\" data-particle-mobile-disabled=\"false\" class=\"elementor-element elementor-element-828f958 e-con-full e-flex e-con e-child\" data-id=\"828f958\" data-element_type=\"container\" data-e-type=\"container\">\n\t\t<div data-particle_enable=\"false\" data-particle-mobile-disabled=\"false\" class=\"elementor-element elementor-element-e715510 e-con-full e-flex e-con e-child\" data-id=\"e715510\" data-element_type=\"container\" data-e-type=\"container\">\n\t\t<div data-particle_enable=\"false\" data-particle-mobile-disabled=\"false\" class=\"elementor-element elementor-element-7d40171 e-con-full e-flex e-con e-child\" data-id=\"7d40171\" data-element_type=\"container\" data-e-type=\"container\">\n\t\t<div data-particle_enable=\"false\" data-particle-mobile-disabled=\"false\" class=\"elementor-element elementor-element-44b0633 e-con-full e-flex e-con e-child\" data-id=\"44b0633\" data-element_type=\"container\" data-e-type=\"container\">\n\t\t\t\t<div class=\"elementor-element elementor-element-d9fea1e elementor-widget elementor-widget-counter\" data-id=\"d9fea1e\" data-element_type=\"widget\" data-e-type=\"widget\" data-widget_type=\"counter.default\">\n\t\t\t\t\t\t\t<div class=\"elementor-counter\">\n\t\t\t<div class=\"elementor-counter-title\">Ventes<\/div>\t\t\t<div class=\"elementor-counter-number-wrapper\">\n\t\t\t\t<span class=\"elementor-counter-number-prefix\"><\/span>\n\t\t\t\t<span class=\"elementor-counter-number\" data-duration=\"2000\" data-to-value=\"85\" data-from-value=\"0\" data-delimiter=\",\">0<\/span>\n\t\t\t\t<span class=\"elementor-counter-number-suffix\">+ pays<\/span>\n\t\t\t<\/div>\n\t\t<\/div>\n\t\t\t\t\t\t<\/div>\n\t\t\t\t<\/div>\n\t\t<div data-particle_enable=\"false\" data-particle-mobile-disabled=\"false\" class=\"elementor-element elementor-element-083a599 e-con-full e-flex e-con e-child\" data-id=\"083a599\" data-element_type=\"container\" data-e-type=\"container\">\n\t\t\t\t<div class=\"elementor-element elementor-element-f335e27 elementor-widget elementor-widget-counter\" data-id=\"f335e27\" data-element_type=\"widget\" data-e-type=\"widget\" data-widget_type=\"counter.default\">\n\t\t\t\t\t\t\t<div class=\"elementor-counter\">\n\t\t\t<div class=\"elementor-counter-title\">Activit\u00e9 mondiale<\/div>\t\t\t<div class=\"elementor-counter-number-wrapper\">\n\t\t\t\t<span class=\"elementor-counter-number-prefix\"><\/span>\n\t\t\t\t<span class=\"elementor-counter-number\" data-duration=\"3000\" data-to-value=\"65\" data-from-value=\"0\" data-delimiter=\",\">0<\/span>\n\t\t\t\t<span class=\"elementor-counter-number-suffix\">% du monde<\/span>\n\t\t\t<\/div>\n\t\t<\/div>\n\t\t\t\t\t\t<\/div>\n\t\t\t\t<\/div>\n\t\t<div data-particle_enable=\"false\" data-particle-mobile-disabled=\"false\" class=\"elementor-element elementor-element-e399241 e-con-full e-flex e-con e-child\" data-id=\"e399241\" data-element_type=\"container\" data-e-type=\"container\">\n\t\t\t\t<div class=\"elementor-element elementor-element-b08af49 elementor-widget elementor-widget-counter\" data-id=\"b08af49\" data-element_type=\"widget\" data-e-type=\"widget\" data-widget_type=\"counter.default\">\n\t\t\t\t\t\t\t<div class=\"elementor-counter\">\n\t\t\t<div class=\"elementor-counter-title\">Chiffre d\u2019affaires<\/div>\t\t\t<div class=\"elementor-counter-number-wrapper\">\n\t\t\t\t<span class=\"elementor-counter-number-prefix\"><\/span>\n\t\t\t\t<span class=\"elementor-counter-number\" data-duration=\"5000\" data-to-value=\"247\" data-from-value=\"0\" data-delimiter=\",\">0<\/span>\n\t\t\t\t<span class=\"elementor-counter-number-suffix\"> millions d\u2019EUR par an<\/span>\n\t\t\t<\/div>\n\t\t<\/div>\n\t\t\t\t\t\t<\/div>\n\t\t\t\t<\/div>\n\t\t\t\t<\/div>\n\t\t<div data-particle_enable=\"false\" data-particle-mobile-disabled=\"false\" class=\"elementor-element elementor-element-2024b8c e-con-full e-flex e-con e-child\" data-id=\"2024b8c\" data-element_type=\"container\" data-e-type=\"container\">\n\t\t<div data-particle_enable=\"false\" data-particle-mobile-disabled=\"false\" class=\"elementor-element elementor-element-e665f1e e-con-full e-flex e-con e-child\" data-id=\"e665f1e\" data-element_type=\"container\" data-e-type=\"container\">\n\t\t\t\t<div class=\"elementor-element elementor-element-db05f8f elementor-widget elementor-widget-counter\" data-id=\"db05f8f\" data-element_type=\"widget\" data-e-type=\"widget\" data-widget_type=\"counter.default\">\n\t\t\t\t\t\t\t<div class=\"elementor-counter\">\n\t\t\t<div class=\"elementor-counter-title\">Transactions<\/div>\t\t\t<div class=\"elementor-counter-number-wrapper\">\n\t\t\t\t<span class=\"elementor-counter-number-prefix\"><\/span>\n\t\t\t\t<span class=\"elementor-counter-number\" data-duration=\"5000\" data-to-value=\"1900\" data-from-value=\"0\" data-delimiter=\",\">0<\/span>\n\t\t\t\t<span class=\"elementor-counter-number-suffix\">+ par an<\/span>\n\t\t\t<\/div>\n\t\t<\/div>\n\t\t\t\t\t\t<\/div>\n\t\t\t\t<\/div>\n\t\t<div data-particle_enable=\"false\" data-particle-mobile-disabled=\"false\" class=\"elementor-element elementor-element-5ac0db2 e-con-full e-flex e-con e-child\" data-id=\"5ac0db2\" data-element_type=\"container\" data-e-type=\"container\">\n\t\t\t\t<div class=\"elementor-element elementor-element-4bc71ed elementor-widget elementor-widget-counter\" data-id=\"4bc71ed\" data-element_type=\"widget\" data-e-type=\"widget\" data-widget_type=\"counter.default\">\n\t\t\t\t\t\t\t<div class=\"elementor-counter\">\n\t\t\t<div class=\"elementor-counter-title\">Produits<\/div>\t\t\t<div class=\"elementor-counter-number-wrapper\">\n\t\t\t\t<span class=\"elementor-counter-number-prefix\"><\/span>\n\t\t\t\t<span class=\"elementor-counter-number\" data-duration=\"4000\" data-to-value=\"100\" data-from-value=\"0\" data-delimiter=\",\">0<\/span>\n\t\t\t\t<span class=\"elementor-counter-number-suffix\">+ produits<\/span>\n\t\t\t<\/div>\n\t\t<\/div>\n\t\t\t\t\t\t<\/div>\n\t\t\t\t<\/div>\n\t\t<div data-particle_enable=\"false\" data-particle-mobile-disabled=\"false\" class=\"elementor-element elementor-element-bfe8746 e-con-full e-flex e-con e-child\" data-id=\"bfe8746\" data-element_type=\"container\" data-e-type=\"container\">\n\t\t\t\t<div class=\"elementor-element elementor-element-1b309de elementor-widget elementor-widget-counter\" data-id=\"1b309de\" data-element_type=\"widget\" data-e-type=\"widget\" data-widget_type=\"counter.default\">\n\t\t\t\t\t\t\t<div class=\"elementor-counter\">\n\t\t\t<div class=\"elementor-counter-title\">Personnel<\/div>\t\t\t<div class=\"elementor-counter-number-wrapper\">\n\t\t\t\t<span class=\"elementor-counter-number-prefix\"><\/span>\n\t\t\t\t<span class=\"elementor-counter-number\" data-duration=\"5000\" data-to-value=\"40\" data-from-value=\"0\" data-delimiter=\",\">0<\/span>\n\t\t\t\t<span class=\"elementor-counter-number-suffix\"> employ\u00e9s \u00e0 Anvers<\/span>\n\t\t\t<\/div>\n\t\t<\/div>\n\t\t\t\t\t\t<\/div>\n\t\t\t\t<\/div>\n\t\t\t\t<\/div>\n\t\t\t\t<\/div>\n\t\t\t\t<\/div>\n\t\t\t\t\t<\/div>\n\t\t\t\t<\/div>\n\t\t\t\t<\/div>\n\t\t","protected":false},"excerpt":{"rendered":"<p>Pr\u00e9sence mondiale, expertise locale Reuse Trading op\u00e8re dans le monde entier, avec un solide r\u00e9seau d\u2019approvisionnement et des march\u00e9s de vente \u00e9tablis en Afrique et en Am\u00e9rique latine. Depuis notre si\u00e8ge \u00e0 Anvers, nous coordonnons l\u2019approvisionnement, la logistique et le financement des exp\u00e9ditions, de toute origine jusqu\u2019\u00e0 leur destination. March\u00e9s actifs March\u00e9s non actifs Ventes [&hellip;]<\/p>\n","protected":false},"author":1,"featured_media":1461,"parent":0,"menu_order":0,"comment_status":"closed","ping_status":"closed","template":"elementor_header_footer","meta":{"footnotes":""},"class_list":["post-1458","page","type-page","status-publish","has-post-thumbnail","hentry"],"yoast_head":"<!-- This site is optimized with the Yoast SEO plugin v27.6 - https:\/\/yoast.com\/product\/yoast-seo-wordpress\/ -->\n<title>Pr\u00e9sence mondiale de Reuse Trading | R\u00e9seau commercial international<\/title>\n<meta name=\"description\" content=\"Reuse Trading op\u00e8re dans le monde entier, avec des march\u00e9s actifs en Afrique et en Am\u00e9rique latine, soutenus par un r\u00e9seau mondial d\u2019approvisionnement et de logistique.\" \/>\n<meta name=\"robots\" content=\"index, follow, max-snippet:-1, max-image-preview:large, max-video-preview:-1\" \/>\n<link rel=\"canonical\" href=\"https:\/\/reusetrading.be\/fr\/presence-mondiale\/\" \/>\n<meta property=\"og:locale\" content=\"fr_FR\" \/>\n<meta property=\"og:type\" content=\"article\" \/>\n<meta property=\"og:title\" content=\"Pr\u00e9sence mondiale de Reuse Trading | R\u00e9seau commercial international\" \/>\n<meta property=\"og:description\" content=\"Reuse Trading op\u00e8re dans le monde entier, avec des march\u00e9s actifs en Afrique et en Am\u00e9rique latine, soutenus par un r\u00e9seau mondial d\u2019approvisionnement et de logistique.\" \/>\n<meta property=\"og:url\" content=\"https:\/\/reusetrading.be\/fr\/presence-mondiale\/\" \/>\n<meta property=\"og:site_name\" content=\"Reuse Trading\" \/>\n<meta property=\"article:modified_time\" content=\"2026-04-29T06:25:31+00:00\" \/>\n<meta property=\"og:image\" content=\"https:\/\/reusetrading.be\/wp-content\/uploads\/2026\/03\/reuse-trading-antwerp-scaled.jpg\" \/>\n\t<meta property=\"og:image:width\" content=\"2560\" \/>\n\t<meta property=\"og:image:height\" content=\"512\" \/>\n\t<meta property=\"og:image:type\" content=\"image\/jpeg\" \/>\n<meta name=\"twitter:card\" content=\"summary_large_image\" \/>\n<script type=\"application\/ld+json\" class=\"yoast-schema-graph\">{\"@context\":\"https:\\\/\\\/schema.org\",\"@graph\":[{\"@type\":\"WebPage\",\"@id\":\"https:\\\/\\\/reusetrading.be\\\/fr\\\/presence-mondiale\\\/\",\"url\":\"https:\\\/\\\/reusetrading.be\\\/fr\\\/presence-mondiale\\\/\",\"name\":\"Pr\u00e9sence mondiale de Reuse Trading | R\u00e9seau commercial international\",\"isPartOf\":{\"@id\":\"https:\\\/\\\/reusetrading.be\\\/fr\\\/#website\"},\"primaryImageOfPage\":{\"@id\":\"https:\\\/\\\/reusetrading.be\\\/fr\\\/presence-mondiale\\\/#primaryimage\"},\"image\":{\"@id\":\"https:\\\/\\\/reusetrading.be\\\/fr\\\/presence-mondiale\\\/#primaryimage\"},\"thumbnailUrl\":\"https:\\\/\\\/reusetrading.be\\\/wp-content\\\/uploads\\\/2026\\\/03\\\/reuse-trading-antwerp-scaled.jpg\",\"datePublished\":\"2026-03-09T08:40:47+00:00\",\"dateModified\":\"2026-04-29T06:25:31+00:00\",\"description\":\"Reuse Trading op\u00e8re dans le monde entier, avec des march\u00e9s actifs en Afrique et en Am\u00e9rique latine, soutenus par un r\u00e9seau mondial d\u2019approvisionnement et de logistique.\",\"breadcrumb\":{\"@id\":\"https:\\\/\\\/reusetrading.be\\\/fr\\\/presence-mondiale\\\/#breadcrumb\"},\"inLanguage\":\"fr-FR\",\"potentialAction\":[{\"@type\":\"ReadAction\",\"target\":[\"https:\\\/\\\/reusetrading.be\\\/fr\\\/presence-mondiale\\\/\"]}]},{\"@type\":\"ImageObject\",\"inLanguage\":\"fr-FR\",\"@id\":\"https:\\\/\\\/reusetrading.be\\\/fr\\\/presence-mondiale\\\/#primaryimage\",\"url\":\"https:\\\/\\\/reusetrading.be\\\/wp-content\\\/uploads\\\/2026\\\/03\\\/reuse-trading-antwerp-scaled.jpg\",\"contentUrl\":\"https:\\\/\\\/reusetrading.be\\\/wp-content\\\/uploads\\\/2026\\\/03\\\/reuse-trading-antwerp-scaled.jpg\",\"width\":2560,\"height\":512},{\"@type\":\"BreadcrumbList\",\"@id\":\"https:\\\/\\\/reusetrading.be\\\/fr\\\/presence-mondiale\\\/#breadcrumb\",\"itemListElement\":[{\"@type\":\"ListItem\",\"position\":1,\"name\":\"Accueil\",\"item\":\"https:\\\/\\\/reusetrading.be\\\/fr\\\/accueil\\\/\"},{\"@type\":\"ListItem\",\"position\":2,\"name\":\"Pr\u00e9sence mondiale\"}]},{\"@type\":\"WebSite\",\"@id\":\"https:\\\/\\\/reusetrading.be\\\/fr\\\/#website\",\"url\":\"https:\\\/\\\/reusetrading.be\\\/fr\\\/\",\"name\":\"Reuse Trading\",\"description\":\"\",\"potentialAction\":[{\"@type\":\"SearchAction\",\"target\":{\"@type\":\"EntryPoint\",\"urlTemplate\":\"https:\\\/\\\/reusetrading.be\\\/fr\\\/?s={search_term_string}\"},\"query-input\":{\"@type\":\"PropertyValueSpecification\",\"valueRequired\":true,\"valueName\":\"search_term_string\"}}],\"inLanguage\":\"fr-FR\"}]}<\/script>\n<!-- \/ Yoast SEO plugin. -->","yoast_head_json":{"title":"Pr\u00e9sence mondiale de Reuse Trading | R\u00e9seau commercial international","description":"Reuse Trading op\u00e8re dans le monde entier, avec des march\u00e9s actifs en Afrique et en Am\u00e9rique latine, soutenus par un r\u00e9seau mondial d\u2019approvisionnement et de logistique.","robots":{"index":"index","follow":"follow","max-snippet":"max-snippet:-1","max-image-preview":"max-image-preview:large","max-video-preview":"max-video-preview:-1"},"canonical":"https:\/\/reusetrading.be\/fr\/presence-mondiale\/","og_locale":"fr_FR","og_type":"article","og_title":"Pr\u00e9sence mondiale de Reuse Trading | R\u00e9seau commercial international","og_description":"Reuse Trading op\u00e8re dans le monde entier, avec des march\u00e9s actifs en Afrique et en Am\u00e9rique latine, soutenus par un r\u00e9seau mondial d\u2019approvisionnement et de logistique.","og_url":"https:\/\/reusetrading.be\/fr\/presence-mondiale\/","og_site_name":"Reuse Trading","article_modified_time":"2026-04-29T06:25:31+00:00","og_image":[{"width":2560,"height":512,"url":"https:\/\/reusetrading.be\/wp-content\/uploads\/2026\/03\/reuse-trading-antwerp-scaled.jpg","type":"image\/jpeg"}],"twitter_card":"summary_large_image","schema":{"@context":"https:\/\/schema.org","@graph":[{"@type":"WebPage","@id":"https:\/\/reusetrading.be\/fr\/presence-mondiale\/","url":"https:\/\/reusetrading.be\/fr\/presence-mondiale\/","name":"Pr\u00e9sence mondiale de Reuse Trading | R\u00e9seau commercial international","isPartOf":{"@id":"https:\/\/reusetrading.be\/fr\/#website"},"primaryImageOfPage":{"@id":"https:\/\/reusetrading.be\/fr\/presence-mondiale\/#primaryimage"},"image":{"@id":"https:\/\/reusetrading.be\/fr\/presence-mondiale\/#primaryimage"},"thumbnailUrl":"https:\/\/reusetrading.be\/wp-content\/uploads\/2026\/03\/reuse-trading-antwerp-scaled.jpg","datePublished":"2026-03-09T08:40:47+00:00","dateModified":"2026-04-29T06:25:31+00:00","description":"Reuse Trading op\u00e8re dans le monde entier, avec des march\u00e9s actifs en Afrique et en Am\u00e9rique latine, soutenus par un r\u00e9seau mondial d\u2019approvisionnement et de logistique.","breadcrumb":{"@id":"https:\/\/reusetrading.be\/fr\/presence-mondiale\/#breadcrumb"},"inLanguage":"fr-FR","potentialAction":[{"@type":"ReadAction","target":["https:\/\/reusetrading.be\/fr\/presence-mondiale\/"]}]},{"@type":"ImageObject","inLanguage":"fr-FR","@id":"https:\/\/reusetrading.be\/fr\/presence-mondiale\/#primaryimage","url":"https:\/\/reusetrading.be\/wp-content\/uploads\/2026\/03\/reuse-trading-antwerp-scaled.jpg","contentUrl":"https:\/\/reusetrading.be\/wp-content\/uploads\/2026\/03\/reuse-trading-antwerp-scaled.jpg","width":2560,"height":512},{"@type":"BreadcrumbList","@id":"https:\/\/reusetrading.be\/fr\/presence-mondiale\/#breadcrumb","itemListElement":[{"@type":"ListItem","position":1,"name":"Accueil","item":"https:\/\/reusetrading.be\/fr\/accueil\/"},{"@type":"ListItem","position":2,"name":"Pr\u00e9sence mondiale"}]},{"@type":"WebSite","@id":"https:\/\/reusetrading.be\/fr\/#website","url":"https:\/\/reusetrading.be\/fr\/","name":"Reuse Trading","description":"","potentialAction":[{"@type":"SearchAction","target":{"@type":"EntryPoint","urlTemplate":"https:\/\/reusetrading.be\/fr\/?s={search_term_string}"},"query-input":{"@type":"PropertyValueSpecification","valueRequired":true,"valueName":"search_term_string"}}],"inLanguage":"fr-FR"}]}},"_links":{"self":[{"href":"https:\/\/reusetrading.be\/fr\/wp-json\/wp\/v2\/pages\/1458","targetHints":{"allow":["GET"]}}],"collection":[{"href":"https:\/\/reusetrading.be\/fr\/wp-json\/wp\/v2\/pages"}],"about":[{"href":"https:\/\/reusetrading.be\/fr\/wp-json\/wp\/v2\/types\/page"}],"author":[{"embeddable":true,"href":"https:\/\/reusetrading.be\/fr\/wp-json\/wp\/v2\/users\/1"}],"replies":[{"embeddable":true,"href":"https:\/\/reusetrading.be\/fr\/wp-json\/wp\/v2\/comments?post=1458"}],"version-history":[{"count":1,"href":"https:\/\/reusetrading.be\/fr\/wp-json\/wp\/v2\/pages\/1458\/revisions"}],"predecessor-version":[{"id":1462,"href":"https:\/\/reusetrading.be\/fr\/wp-json\/wp\/v2\/pages\/1458\/revisions\/1462"}],"wp:featuredmedia":[{"embeddable":true,"href":"https:\/\/reusetrading.be\/fr\/wp-json\/wp\/v2\/media\/1461"}],"wp:attachment":[{"href":"https:\/\/reusetrading.be\/fr\/wp-json\/wp\/v2\/media?parent=1458"}],"curies":[{"name":"wp","href":"https:\/\/api.w.org\/{rel}","templated":true}]}}